{"id":106,"date":"2009-08-20T11:26:23","date_gmt":"2009-08-20T15:26:23","guid":{"rendered":"https:\/\/honeypot.wpengine.com\/?page_id=106"},"modified":"2024-09-21T11:40:21","modified_gmt":"2024-09-21T15:40:21","slug":"social-media-monitoring","status":"publish","type":"page","link":"https:\/\/honeypotmarketing.com\/es\/social-media-monitoring\/","title":{"rendered":"Monitoreo de redes sociales | Gesti\u00f3n de reputaci\u00f3n"},"content":{"rendered":"<div class=\"wp-block-image\">\n<figure class=\"alignleft\"><a href=\"http:\/\/commons.wikipedia.org\/wiki\/Image:Social-network.svg\"><img decoding=\"async\" src=\"http:\/\/upload.wikimedia.org\/wikipedia\/commons\/thumb\/6\/68\/Social-network.svg\/300px-Social-network.svg.png\" alt=\"An example of a social network diagram.\"\/><\/a><figcaption class=\"wp-element-caption\">Imagen v\u00eda <a href=\"http:\/\/commons.wikipedia.org\/wiki\/Image:Social-network.svg\">Wikipedia<\/a><\/figcaption><\/figure>\n<\/div>\n\n\n<p>Con todo el revuelo que se est\u00e1 produciendo en Internet a trav\u00e9s de los principales... <strong><a class=\"zem_slink\" title=\"Redes sociales\" href=\"http:\/\/en.wikipedia.org\/wiki\/Social_media\" rel=\"wikipedia\">redes sociales<\/a> redes <\/strong>Muchas personas est\u00e1n intentando monitorear el panorama de conversaciones de miles de personas a trav\u00e9s de una letan\u00eda de herramientas gratuitas de monitoreo de redes sociales.<\/p>\n\n\n\n<p>Si bien desde una perspectiva inicial esto puede resultar menos costoso, hay un gran conjunto de costos asociados:<\/p>\n\n\n\n<ol class=\"wp-block-list\">\n<li>Empleado <strong>factor tiempo<\/strong>Alguien tiene que revisar cada una de estas herramientas gratuitas y consolidar la informaci\u00f3n.<\/li>\n\n\n\n<li>La consolidaci\u00f3n manual de la informaci\u00f3n provocar\u00e1 imprecisiones debido a <strong>Error humano<\/strong>.<\/li>\n\n\n\n<li><a class=\"zem_slink\" href=\"http:\/\/en.wikipedia.org\/wiki\/Key_performance_indicator\" rel=\"wikipedia\" title=\"Indicador clave de rendimiento\">Indicadores clave de desempe\u00f1o<\/a> (KPI) cambiar\u00e1 dr\u00e1sticamente a medida que <strong>ning\u00fan sistema definible<\/strong> Se est\u00e1 utilizando para optimizar estos datos.<\/li>\n\n\n\n<li>Qu\u00e9 <strong>Sentimiento<\/strong> \u00bfProviene de las redes sociales? \u00bfEst\u00e1 obteniendo simplemente una lista de todas las conversaciones de fuentes de redes sociales disjuntas? Nuevamente, puede que tenga datos, pero una mezcolanza de datos no ayuda.<\/li>\n\n\n\n<li>Si surge un sentimiento negativo, \u00bftienes alg\u00fan medio para comunicarte con esa persona? \u00bfC\u00f3mo vas a hacerlo?<strong> almacenar\/administrar\/recontactar <\/strong>ese individuo en el futuro.<\/li>\n\n\n\n<li>M\u00e1s claramente, \u00bfc\u00f3mo vas a convertir eso? <strong>\u00bfConvertir a una persona en una red social en un cliente o en un defensor de una marca?<\/strong><\/li>\n<\/ol>\n\n\n\n<p>Todos estos puntos crean una forma desorganizada, inconexa e inexacta de rastrear el Buzz en las redes sociales.<\/p>\n\n\n\n<p>Ah, una cosa m\u00e1s. Monitoreamos mucho m\u00e1s que... <a class=\"zem_slink\" title=\"Red social\" href=\"http:\/\/en.wikipedia.org\/wiki\/Social_network\" rel=\"wikipedia\">Redes sociales<\/a>Monitoreamos fuentes de noticias y sitios web espec\u00edficos: nuestro servicio es m\u00e1s que un monitoreo de redes sociales: es gesti\u00f3n de reputaci\u00f3n en l\u00ednea.<\/p>\n\n\n\n<p>Tenemos una soluci\u00f3n para usted. Nuestra <a href=\"https:\/\/honeypotmarketing.com\/es\/servicios\/gestion-de-la-reputacion\/\">Software y servicio de gesti\u00f3n de reputaci\u00f3n online<\/a> le permitir\u00e1:<\/p>\n\n\n\n<ol class=\"wp-block-list\">\n<li>Monitorea autom\u00e1ticamente cientos de sitios de redes sociales.<\/li>\n\n\n\n<li>Personalice el sistema para agregar un sitio espec\u00edfico de importancia para su negocio.<\/li>\n\n\n\n<li>Cree un contacto en el CRM y adjunte todos los datos de ese individuo en un registro consolidado.<\/li>\n\n\n\n<li>Cree informes detallados, de gesti\u00f3n, ejecutivos y de contacto que le permitan tomar medidas definibles.<\/li>\n\n\n\n<li>Defina los sentimientos a partir de los comentarios y observe una tendencia general. \u00bfSus clientes lo ven de manera positiva? \u00bfDe manera negativa?<\/li>\n\n\n\n<li>Cree marcas y asociaciones de marca para su empresa, l\u00ednea de productos o incluso para un individuo.<\/li>\n\n\n\n<li>Crea informes pr\u00e1cticos. Puedes contactar a estos clientes potenciales, interactuar con ellos y convertirlos en clientes activos.<\/li>\n<\/ol>\n\n\n\n<p>\u00bfQuieres ver m\u00e1s? Consulta una descripci\u00f3n general de nuestros <a href=\"https:\/\/honeypotmarketing.com\/es\/servicios\/gestion-de-la-reputacion\/\">Software y servicio de gesti\u00f3n de reputaci\u00f3n online aqu\u00ed<\/a>.<\/p>","protected":false},"excerpt":{"rendered":"<p>With all of the buzz happening online through major social media networks many people are attempting to monitor the landscape of chatter from thousands of people through a litany of free social media monitoring tools. Although from an upfront perspective this might be less expensive there is are a huge set of costs associated: These&#8230;<\/p>","protected":false},"author":3,"featured_media":0,"parent":0,"menu_order":0,"comment_status":"open","ping_status":"open","template":"","meta":{"content-type":"","om_disable_all_campaigns":false,"_uag_custom_page_level_css":"","_kad_blocks_custom_css":"","_kad_blocks_head_custom_js":"","_kad_blocks_body_custom_js":"","_kad_blocks_footer_custom_js":"","_monsterinsights_skip_tracking":false,"_monsterinsights_sitenote_active":false,"_monsterinsights_sitenote_note":"","_monsterinsights_sitenote_category":0,"_kadence_starter_templates_imported_post":false,"_kad_post_transparent":"","_kad_post_title":"","_kad_post_layout":"","_kad_post_sidebar_id":"","_kad_post_content_style":"","_kad_post_vertical_padding":"","_kad_post_feature":"","_kad_post_feature_position":"","_kad_post_header":false,"_kad_post_footer":false,"_kad_post_classname":"","footnotes":""},"class_list":["post-106","page","type-page","status-publish","hentry"],"aioseo_notices":[],"taxonomy_info":[],"featured_image_src_large":false,"author_info":{"display_name":"The Bee Team","author_link":"https:\/\/honeypotmarketing.com\/es\/author\/bee-team\/"},"comment_info":0,"uagb_featured_image_src":{"full":false,"thumbnail":false,"medium":false,"medium_large":false,"large":false,"1536x1536":false,"2048x2048":false,"trp-custom-language-flag":false},"uagb_author_info":{"display_name":"The Bee Team","author_link":"https:\/\/honeypotmarketing.com\/es\/author\/bee-team\/"},"uagb_comment_info":0,"uagb_excerpt":"With all of the buzz happening online through major social media networks many people are attempting to monitor the landscape of chatter from thousands of people through a litany of free social media monitoring tools. Although from an upfront perspective this might be less expensive there is are a huge set of costs associated: These...","aioseo_head":"\n\t\t<!-- All in One SEO Pro 4.9.6.1 - aioseo.com -->\n\t<meta name=\"description\" content=\"With all of the buzz happening online through major social media networks many people are attempting to monitor the landscape of chatter from thousands of people through a litany of free social media monitoring tools. Although from an upfront perspective this might be less expensive there is are a huge set of costs associated: Employee\" \/>\n\t<meta name=\"robots\" content=\"max-image-preview:large\" \/>\n\t<link rel=\"canonical\" href=\"https:\/\/honeypotmarketing.com\/es\/social-media-monitoring\/\" \/>\n\t<meta name=\"generator\" content=\"All in One SEO Pro (AIOSEO) 4.9.6.1\" \/>\n\t\t<meta property=\"og:locale\" content=\"es_MX\" \/>\n\t\t<meta property=\"og:site_name\" content=\"Digital Marketing for Growing Businesses by Honeypot Marketing - All Marketing is Digital. We specialize in B2B, ABM, MarTech, AdTech and Growing Businesses through Technology.\" \/>\n\t\t<meta property=\"og:type\" content=\"article\" \/>\n\t\t<meta property=\"og:title\" content=\"Social Media Monitoring | Reputation Management\" \/>\n\t\t<meta property=\"og:description\" content=\"With all of the buzz happening online through major social media networks many people are attempting to monitor the landscape of chatter from thousands of people through a litany of free social media monitoring tools. Although from an upfront perspective this might be less expensive there is are a huge set of costs associated: Employee\" \/>\n\t\t<meta property=\"og:url\" content=\"https:\/\/honeypotmarketing.com\/es\/social-media-monitoring\/\" \/>\n\t\t<meta property=\"og:image\" content=\"https:\/\/honeypotmarketing.com\/wp-content\/uploads\/2023\/11\/cropped-Honeypot-Logo-without-bee.png\" \/>\n\t\t<meta property=\"og:image:secure_url\" content=\"https:\/\/honeypotmarketing.com\/wp-content\/uploads\/2023\/11\/cropped-Honeypot-Logo-without-bee.png\" \/>\n\t\t<meta property=\"article:published_time\" content=\"2009-08-20T15:26:23+00:00\" \/>\n\t\t<meta property=\"article:modified_time\" content=\"2024-09-21T15:40:21+00:00\" \/>\n\t\t<meta property=\"article:publisher\" content=\"https:\/\/www.facebook.com\/honeypot.marketing\/\" \/>\n\t\t<meta name=\"twitter:card\" content=\"summary_large_image\" \/>\n\t\t<meta name=\"twitter:site\" content=\"@honeypot_mkting\" \/>\n\t\t<meta name=\"twitter:title\" content=\"Social Media Monitoring | Reputation Management\" \/>\n\t\t<meta name=\"twitter:description\" content=\"With all of the buzz happening online through major social media networks many people are attempting to monitor the landscape of chatter from thousands of people through a litany of free social media monitoring tools. Although from an upfront perspective this might be less expensive there is are a huge set of costs associated: Employee\" \/>\n\t\t<meta name=\"twitter:creator\" content=\"@honeypot_mkting\" \/>\n\t\t<meta name=\"twitter:image\" content=\"https:\/\/honeypotmarketing.com\/wp-content\/uploads\/2023\/11\/cropped-Honeypot-Logo-without-bee.png\" \/>\n\t\t<script type=\"application\/ld+json\" class=\"aioseo-schema\">\n\t\t\t{\"@context\":\"https:\\\/\\\/schema.org\",\"@graph\":[{\"@type\":\"BreadcrumbList\",\"@id\":\"https:\\\/\\\/honeypotmarketing.com\\\/es\\\/social-media-monitoring\\\/#breadcrumblist\",\"itemListElement\":[{\"@type\":\"ListItem\",\"@id\":\"https:\\\/\\\/honeypotmarketing.com\\\/es#listItem\",\"position\":1,\"name\":\"Home\",\"item\":\"https:\\\/\\\/honeypotmarketing.com\\\/es\",\"nextItem\":{\"@type\":\"ListItem\",\"@id\":\"https:\\\/\\\/honeypotmarketing.com\\\/es\\\/social-media-monitoring\\\/#listItem\",\"name\":\"Social Media Monitoring | Reputation Management\"}},{\"@type\":\"ListItem\",\"@id\":\"https:\\\/\\\/honeypotmarketing.com\\\/es\\\/social-media-monitoring\\\/#listItem\",\"position\":2,\"name\":\"Social Media Monitoring | Reputation Management\",\"previousItem\":{\"@type\":\"ListItem\",\"@id\":\"https:\\\/\\\/honeypotmarketing.com\\\/es#listItem\",\"name\":\"Home\"}}]},{\"@type\":\"Organization\",\"@id\":\"https:\\\/\\\/honeypotmarketing.com\\\/es\\\/#organization\",\"name\":\"Honeypot Marketing\",\"description\":\"We're a sales and marketing agency for growing businesses. Our team of professionals work with your team to make your business objectives a reality through effective sales, marketing and technology.\",\"url\":\"https:\\\/\\\/honeypotmarketing.com\\\/es\\\/\",\"email\":\"hi@honeypotmarketing.com\",\"telephone\":\"+12263366220\",\"foundingDate\":\"2001-01-04\",\"numberOfEmployees\":{\"@type\":\"QuantitativeValue\",\"minValue\":8,\"maxValue\":14},\"logo\":{\"@type\":\"ImageObject\",\"url\":\"https:\\\/\\\/honeypotmarketing.com\\\/wp-content\\\/uploads\\\/adminify-custom-icons\\\/cropped-Benny-Bee.png\",\"@id\":\"https:\\\/\\\/honeypotmarketing.com\\\/es\\\/social-media-monitoring\\\/#organizationLogo\",\"width\":512,\"height\":512},\"image\":{\"@id\":\"https:\\\/\\\/honeypotmarketing.com\\\/es\\\/social-media-monitoring\\\/#organizationLogo\"},\"sameAs\":[\"https:\\\/\\\/www.facebook.com\\\/honeypot.marketing\\\/\",\"https:\\\/\\\/x.com\\\/honeypot_mkting?lang=en\",\"https:\\\/\\\/www.instagram.com\\\/honeypotmarketing\\\/\",\"https:\\\/\\\/www.tiktok.com\\\/@honeypotmarketing\",\"https:\\\/\\\/www.youtube.com\\\/channel\\\/UCzEqYq4v78fn6PTVa6K0O6g\",\"https:\\\/\\\/www.linkedin.com\\\/company\\\/honeypot-marketing\\\/\"]},{\"@type\":\"WebPage\",\"@id\":\"https:\\\/\\\/honeypotmarketing.com\\\/es\\\/social-media-monitoring\\\/#webpage\",\"url\":\"https:\\\/\\\/honeypotmarketing.com\\\/es\\\/social-media-monitoring\\\/\",\"name\":\"Social Media Monitoring | Reputation Management\",\"description\":\"With all of the buzz happening online through major social media networks many people are attempting to monitor the landscape of chatter from thousands of people through a litany of free social media monitoring tools. Although from an upfront perspective this might be less expensive there is are a huge set of costs associated: Employee\",\"inLanguage\":\"es-MX\",\"isPartOf\":{\"@id\":\"https:\\\/\\\/honeypotmarketing.com\\\/es\\\/#website\"},\"breadcrumb\":{\"@id\":\"https:\\\/\\\/honeypotmarketing.com\\\/es\\\/social-media-monitoring\\\/#breadcrumblist\"},\"datePublished\":\"2009-08-20T11:26:23-04:00\",\"dateModified\":\"2024-09-21T11:40:21-04:00\"},{\"@type\":\"WebSite\",\"@id\":\"https:\\\/\\\/honeypotmarketing.com\\\/es\\\/#website\",\"url\":\"https:\\\/\\\/honeypotmarketing.com\\\/es\\\/\",\"name\":\"Honeypot Marketing\",\"alternateName\":\"honeypotmarketing.com\",\"description\":\"All Marketing is Digital. We specialize in B2B, ABM, MarTech, AdTech and Growing Businesses through Technology.\",\"inLanguage\":\"es-MX\",\"publisher\":{\"@id\":\"https:\\\/\\\/honeypotmarketing.com\\\/es\\\/#organization\"}}]}\n\t\t<\/script>\n\t\t<script type=\"text\/javascript\">\n\t\t\t(function(c,l,a,r,i,t,y){\n\t\t\tc[a]=c[a]||function(){(c[a].q=c[a].q||[]).push(arguments)};t=l.createElement(r);t.async=1;\n\t\t\tt.src=\"https:\/\/www.clarity.ms\/tag\/\"+i+\"?ref=aioseo\";y=l.getElementsByTagName(r)[0];y.parentNode.insertBefore(t,y);\n\t\t})(window, document, \"clarity\", \"script\", \"lz1itarc1h\");\n\t\t<\/script>\n\t\t<script>(function(w,d,s,l,i){w[l]=w[l]||[];w[l].push({'gtm.start': new Date().getTime(),event:'gtm.js'});var f=d.getElementsByTagName(s)[0], j=d.createElement(s),dl=l!='dataLayer'?'&l='+l:'';j.async=true;j.src='https:\/\/www.googletagmanager.com\/gtm.js?id='+i+dl;f.parentNode.insertBefore(j,f);})(window,document,'script','dataLayer',\"GTM-PBNLZVB\");<\/script>\n\t\t<!-- All in One SEO Pro -->\r\n\t\t<title>Social Media Monitoring | Reputation Management<\/title>\n\n","aioseo_head_json":{"title":"Monitoreo de redes sociales | Gesti\u00f3n de reputaci\u00f3n","description":"With all of the buzz happening online through major social media networks many people are attempting to monitor the landscape of chatter from thousands of people through a litany of free social media monitoring tools. Although from an upfront perspective this might be less expensive there is are a huge set of costs associated: Employee","canonical_url":"https:\/\/honeypotmarketing.com\/es\/social-media-monitoring\/","robots":"max-image-preview:large","keywords":"","webmasterTools":{"miscellaneous":""},"schema":{"@context":"https:\/\/schema.org","@graph":[{"@type":"BreadcrumbList","@id":"https:\/\/honeypotmarketing.com\/es\/social-media-monitoring\/#breadcrumblist","itemListElement":[{"@type":"ListItem","@id":"https:\/\/honeypotmarketing.com\/es#listItem","position":1,"name":"Home","item":"https:\/\/honeypotmarketing.com\/es","nextItem":{"@type":"ListItem","@id":"https:\/\/honeypotmarketing.com\/es\/social-media-monitoring\/#listItem","name":"Social Media Monitoring | Reputation Management"}},{"@type":"ListItem","@id":"https:\/\/honeypotmarketing.com\/es\/social-media-monitoring\/#listItem","position":2,"name":"Social Media Monitoring | Reputation Management","previousItem":{"@type":"ListItem","@id":"https:\/\/honeypotmarketing.com\/es#listItem","name":"Home"}}]},{"@type":"Organization","@id":"https:\/\/honeypotmarketing.com\/es\/#organization","name":"Honeypot Marketing","description":"We're a sales and marketing agency for growing businesses. Our team of professionals work with your team to make your business objectives a reality through effective sales, marketing and technology.","url":"https:\/\/honeypotmarketing.com\/es\/","email":"hi@honeypotmarketing.com","telephone":"+12263366220","foundingDate":"2001-01-04","numberOfEmployees":{"@type":"QuantitativeValue","minValue":8,"maxValue":14},"logo":{"@type":"ImageObject","url":"https:\/\/honeypotmarketing.com\/wp-content\/uploads\/adminify-custom-icons\/cropped-Benny-Bee.png","@id":"https:\/\/honeypotmarketing.com\/es\/social-media-monitoring\/#organizationLogo","width":512,"height":512},"image":{"@id":"https:\/\/honeypotmarketing.com\/es\/social-media-monitoring\/#organizationLogo"},"sameAs":["https:\/\/www.facebook.com\/honeypot.marketing\/","https:\/\/x.com\/honeypot_mkting?lang=en","https:\/\/www.instagram.com\/honeypotmarketing\/","https:\/\/www.tiktok.com\/@honeypotmarketing","https:\/\/www.youtube.com\/channel\/UCzEqYq4v78fn6PTVa6K0O6g","https:\/\/www.linkedin.com\/company\/honeypot-marketing\/"]},{"@type":"WebPage","@id":"https:\/\/honeypotmarketing.com\/es\/social-media-monitoring\/#webpage","url":"https:\/\/honeypotmarketing.com\/es\/social-media-monitoring\/","name":"Social Media Monitoring | Reputation Management","description":"With all of the buzz happening online through major social media networks many people are attempting to monitor the landscape of chatter from thousands of people through a litany of free social media monitoring tools. Although from an upfront perspective this might be less expensive there is are a huge set of costs associated: Employee","inLanguage":"es-MX","isPartOf":{"@id":"https:\/\/honeypotmarketing.com\/es\/#website"},"breadcrumb":{"@id":"https:\/\/honeypotmarketing.com\/es\/social-media-monitoring\/#breadcrumblist"},"datePublished":"2009-08-20T11:26:23-04:00","dateModified":"2024-09-21T11:40:21-04:00"},{"@type":"WebSite","@id":"https:\/\/honeypotmarketing.com\/es\/#website","url":"https:\/\/honeypotmarketing.com\/es\/","name":"Honeypot Marketing","alternateName":"honeypotmarketing.com","description":"All Marketing is Digital. We specialize in B2B, ABM, MarTech, AdTech and Growing Businesses through Technology.","inLanguage":"es-MX","publisher":{"@id":"https:\/\/honeypotmarketing.com\/es\/#organization"}}]},"og:locale":"es_MX","og:site_name":"Digital Marketing for Growing Businesses by Honeypot Marketing - All Marketing is Digital. We specialize in B2B, ABM, MarTech, AdTech and Growing Businesses through Technology.","og:type":"article","og:title":"Social Media Monitoring | Reputation Management","og:description":"With all of the buzz happening online through major social media networks many people are attempting to monitor the landscape of chatter from thousands of people through a litany of free social media monitoring tools. Although from an upfront perspective this might be less expensive there is are a huge set of costs associated: Employee","og:url":"https:\/\/honeypotmarketing.com\/es\/social-media-monitoring\/","og:image":"https:\/\/honeypotmarketing.com\/wp-content\/uploads\/2023\/11\/cropped-Honeypot-Logo-without-bee.png","og:image:secure_url":"https:\/\/honeypotmarketing.com\/wp-content\/uploads\/2023\/11\/cropped-Honeypot-Logo-without-bee.png","article:published_time":"2009-08-20T15:26:23+00:00","article:modified_time":"2024-09-21T15:40:21+00:00","article:publisher":"https:\/\/www.facebook.com\/honeypot.marketing\/","twitter:card":"summary_large_image","twitter:site":"@honeypot_mkting","twitter:title":"Social Media Monitoring | Reputation Management","twitter:description":"With all of the buzz happening online through major social media networks many people are attempting to monitor the landscape of chatter from thousands of people through a litany of free social media monitoring tools. Although from an upfront perspective this might be less expensive there is are a huge set of costs associated: Employee","twitter:creator":"@honeypot_mkting","twitter:image":"https:\/\/honeypotmarketing.com\/wp-content\/uploads\/2023\/11\/cropped-Honeypot-Logo-without-bee.png"},"aioseo_meta_data":{"post_id":"106","title":null,"description":null,"keywords":null,"keyphrases":{"focus":{"keyphrase":"","score":0,"analysis":{"keyphraseInTitle":{"score":0,"maxScore":9,"error":1}}},"additional":[]},"primary_term":null,"canonical_url":null,"og_title":null,"og_description":null,"og_object_type":"default","og_image_type":"default","og_image_url":null,"og_image_width":null,"og_image_height":null,"og_image_custom_url":null,"og_image_custom_fields":null,"og_video":"","og_custom_url":null,"og_article_section":null,"og_article_tags":null,"twitter_use_og":false,"twitter_card":"default","twitter_image_type":"default","twitter_image_url":null,"twitter_image_custom_url":null,"twitter_image_custom_fields":null,"twitter_title":null,"twitter_description":null,"schema":{"blockGraphs":[],"customGraphs":[],"default":{"data":{"Article":[],"Course":[],"Dataset":[],"FAQPage":[],"Movie":[],"Person":[],"Product":[],"ProductReview":[],"Car":[],"Recipe":[],"Service":[],"SoftwareApplication":[],"WebPage":[]},"graphName":"WebPage","isEnabled":true},"graphs":[]},"schema_type":"default","schema_type_options":null,"pillar_content":false,"robots_default":true,"robots_noindex":false,"robots_noarchive":false,"robots_nosnippet":false,"robots_nofollow":false,"robots_noimageindex":false,"robots_noodp":false,"robots_notranslate":false,"robots_max_snippet":"-1","robots_max_videopreview":"-1","robots_max_imagepreview":"large","priority":null,"frequency":"default","local_seo":null,"seo_analyzer_scan_date":"2025-12-17 12:57:08","breadcrumb_settings":null,"limit_modified_date":false,"reviewed_by":null,"open_ai":"{\"title\":{\"suggestions\":[],\"usage\":0},\"description\":{\"suggestions\":[],\"usage\":0}}","ai":null,"created":"2024-03-18 14:10:16","updated":"2025-12-17 12:57:08"},"aioseo_breadcrumb":"<div class=\"aioseo-breadcrumbs\"><span class=\"aioseo-breadcrumb\">\n\t<a href=\"https:\/\/honeypotmarketing.com\/es\" title=\"Home\">Home<\/a>\n<\/span><span class=\"aioseo-breadcrumb-separator\">\u00bb<\/span><span class=\"aioseo-breadcrumb\">\n\tSocial Media Monitoring | Reputation Management\n<\/span><\/div>","aioseo_breadcrumb_json":[{"label":"Home","link":"https:\/\/honeypotmarketing.com\/es"},{"label":"Social Media Monitoring | Reputation Management","link":"https:\/\/honeypotmarketing.com\/es\/social-media-monitoring\/"}],"_links":{"self":[{"href":"https:\/\/honeypotmarketing.com\/es\/wp-json\/wp\/v2\/pages\/106","targetHints":{"allow":["GET"]}}],"collection":[{"href":"https:\/\/honeypotmarketing.com\/es\/wp-json\/wp\/v2\/pages"}],"about":[{"href":"https:\/\/honeypotmarketing.com\/es\/wp-json\/wp\/v2\/types\/page"}],"author":[{"embeddable":true,"href":"https:\/\/honeypotmarketing.com\/es\/wp-json\/wp\/v2\/users\/3"}],"replies":[{"embeddable":true,"href":"https:\/\/honeypotmarketing.com\/es\/wp-json\/wp\/v2\/comments?post=106"}],"version-history":[{"count":0,"href":"https:\/\/honeypotmarketing.com\/es\/wp-json\/wp\/v2\/pages\/106\/revisions"}],"wp:attachment":[{"href":"https:\/\/honeypotmarketing.com\/es\/wp-json\/wp\/v2\/media?parent=106"}],"curies":[{"name":"wp","href":"https:\/\/api.w.org\/{rel}","templated":true}]}}