{"id":2699,"date":"2013-11-23T20:15:56","date_gmt":"2013-11-23T20:15:56","guid":{"rendered":"https:\/\/honeypot.wpengine.com\/?page_id=2699"},"modified":"2013-11-23T20:15:56","modified_gmt":"2013-11-23T20:15:56","slug":"estrategia","status":"publish","type":"page","link":"https:\/\/honeypotmarketing.com\/es\/grow\/strategy\/","title":{"rendered":"Marketing estrat\u00e9gico: crecimiento estrat\u00e9gico"},"content":{"rendered":"<div style=\"float: left; width: 50%; padding-right: 50px; padding-bottom: 5px;\"><script id=\"vidyard_embed_code_gLCLVn_qaCdbpCBjeXDd3g\" src=\"\/\/play.vidyard.com\/gLCLVn_qaCdbpCBjeXDd3g.js?v=3.1&amp;type=inline&amp;width=480\" type=\"text\/javascript\"><\/script><\/div>\n<div style=\"z-index: -1;\">\n<p>Los programas Honeypot Grow\u2122 son los pilares de su programa de marketing moderno. Mantenemos las cosas simples y solo le ofrecemos lo que necesita, en el momento en que lo necesita.<\/p>\n<p>Los programas Honeypot Marketing Grow\u2122 incluyen:<\/p>\n<ul>\n<li class=\"tight\">Crecimiento estrat\u00e9gico\u2122<\/li>\n<li class=\"tight\">Marketing2Sales Crece\u2122<\/li>\n<li class=\"tight\">Crecimiento entrante\u2122<\/li>\n<li class=\"tight\">Crecimiento social\u2122<\/li>\n<li class=\"tight\">V\u00eddeo Grow\u2122<\/li>\n<\/ul>\n<h1>Crecimiento estrat\u00e9gico\u2122<\/h1>\n<p>Aumentar las ventas y lograr una ventaja competitiva viable comienza con la estrategia correcta. Trabajamos con su equipo para trazar objetivos a corto y largo plazo, crear perfiles objetivo y desarrollar un plan de acci\u00f3n para su empresa.<\/p>\n<p>Dado que su estrategia cambia con el mercado, trabajaremos juntos cada mes para garantizar que su plan estrat\u00e9gico y las t\u00e1cticas resultantes sean relevantes, oportunos y efectivos.<\/p>\n<h2>\u00bfMarketing estrat\u00e9gico, en serio?<\/h2>\n<p>\u00a1En serio! El plan estrat\u00e9gico de su empresa es su hoja de ruta hacia el crecimiento continuo. Es la herramienta que define el tono de toda la comunicaci\u00f3n saliente y los mercados en los que ver\u00e1 el mayor retorno.<\/p>\n<p>La creaci\u00f3n de un plan de Marketing Estrat\u00e9gico nos permite:<\/p>\n<ol>\n<li>Comprender mejor los objetivos comerciales y las metas de ingresos.<\/li>\n<li>Descubra la personalidad de su marca social.<\/li>\n<li>Comprenda a su audiencia, clientes potenciales y clientes.<\/li>\n<li>Priorice las t\u00e1cticas de marketing m\u00e1s efectivas para obtener el mayor retorno.<\/li>\n<li>Desarrollar un plan de marketing t\u00e1ctico ejecutable a lo largo de todo el a\u00f1o.<\/li>\n<li>Cree un plan de marketing \u00e1gil que prospere en un mercado en constante cambio.<\/li>\n<\/ol>\n<h2>\u00bfC\u00f3mo funciona?<\/h2>\n<p>Strategic Grow\u2122 se centra en desarrollar su hoja de ruta de marketing para impulsar los objetivos comerciales generales de su empresa. Queremos asegurarnos de que aproveche al m\u00e1ximo su presupuesto de marketing y que solo gaste dinero en marketing que genere ventas futuras. Strategic Grow optimiza este proceso.<\/p>\n<h3>Paso 1: Descubrir.<\/h3>\n<p>Comprender su negocio es fundamental para elaborar un plan estrat\u00e9gico m\u00e1s eficaz. Juntos analizaremos en profundidad su mercado y su estrategia de marketing actual para descubrir las mejores oportunidades para su crecimiento futuro.<\/p>\n<h3>Paso 2. Elaborar una estrategia.<\/h3>\n<p>Luego crearemos un perfil de su p\u00fablico objetivo y un plan de acci\u00f3n para futuras actividades de marketing. Planificaremos el tono de su mensaje de marketing, los m\u00e9todos de distribuci\u00f3n y los canales espec\u00edficos que utilizar\u00e1.<\/p>\n<h3>Paso 3: Ejecutar.<\/h3>\n<p>Su equipo estar\u00e1 listo para ejecutar la hoja de ruta que hemos elaborado. Estaremos aqu\u00ed para brindarle apoyo durante el proceso y para monitorear el mercado en preparaci\u00f3n para nuestro control estrat\u00e9gico mensual.<\/p>\n<h2>\u00bfQu\u00e9 obtengo con el Programa de Crecimiento Estrat\u00e9gico?<\/h2>\n<h3>Asesoramiento profesional de marketing<\/h3>\n<p>Un miembro senior de nuestro equipo profesional Honeypot ser\u00e1 su especialista designado, durante 20 horas cada mes, para analizar el mercado y crear\/avanzar en su plan estrat\u00e9gico.<\/p>\n<p>Trabajaremos juntos para alinear sus objetivos comerciales con sus actividades de marketing. A partir de aqu\u00ed, alinearemos sus objetivos de marketing con los programas complementarios de Grow adecuados, vinculando todas las actividades con sus objetivos comerciales principales.<\/p>\n<p>Nuestro programa Strategic Grow produce los mejores resultados cuando se lanza junto con los programas Video Grow, Social Grow e Inbound Grow.<\/p>\n<\/div>","protected":false},"excerpt":{"rendered":"<p>The Honeypot Grow\u2122 programs are the building blocks your Modern Marketing program. We keep things simple and only give you what you need \u2013 at the time you need it. The Honeypot Marketing Grow\u2122 programs include: Strategic Grow\u2122 Marketing2Sales Grow\u2122 Inbound Grow\u2122 Social Grow\u2122 Video Grow\u2122 Strategic Grow\u2122 Increasing sales and attaining a viable competitive&#8230;<\/p>","protected":false},"author":3,"featured_media":0,"parent":2347,"menu_order":0,"comment_status":"open","ping_status":"open","template":"template-fullwidth.php","meta":{"content-type":"","om_disable_all_campaigns":false,"_uag_custom_page_level_css":"","_kad_blocks_custom_css":"","_kad_blocks_head_custom_js":"","_kad_blocks_body_custom_js":"","_kad_blocks_footer_custom_js":"","_monsterinsights_skip_tracking":false,"_monsterinsights_sitenote_active":false,"_monsterinsights_sitenote_note":"","_monsterinsights_sitenote_category":0,"_kadence_starter_templates_imported_post":false,"_kad_post_transparent":"","_kad_post_title":"","_kad_post_layout":"","_kad_post_sidebar_id":"","_kad_post_content_style":"","_kad_post_vertical_padding":"","_kad_post_feature":"","_kad_post_feature_position":"","_kad_post_header":false,"_kad_post_footer":false,"_kad_post_classname":"","footnotes":""},"class_list":["post-2699","page","type-page","status-publish","hentry"],"aioseo_notices":[],"taxonomy_info":[],"featured_image_src_large":false,"author_info":{"display_name":"The Bee Team","author_link":"https:\/\/honeypotmarketing.com\/es\/author\/bee-team\/"},"comment_info":0,"uagb_featured_image_src":{"full":false,"thumbnail":false,"medium":false,"medium_large":false,"large":false,"1536x1536":false,"2048x2048":false,"trp-custom-language-flag":false},"uagb_author_info":{"display_name":"The Bee Team","author_link":"https:\/\/honeypotmarketing.com\/es\/author\/bee-team\/"},"uagb_comment_info":0,"uagb_excerpt":"The Honeypot Grow\u2122 programs are the building blocks your Modern Marketing program. We keep things simple and only give you what you need \u2013 at the time you need it. The Honeypot Marketing Grow\u2122 programs include: Strategic Grow\u2122 Marketing2Sales Grow\u2122 Inbound Grow\u2122 Social Grow\u2122 Video Grow\u2122 Strategic Grow\u2122 Increasing sales and attaining a viable competitive...","aioseo_head":"\n\t\t<!-- All in One SEO Pro 4.9.6.1 - aioseo.com -->\n\t<meta name=\"description\" content=\"The Honeypot Grow\u2122 programs are the building blocks your Modern Marketing program. We keep things simple and only give you what you need \u2013 at the time you need it. The Honeypot Marketing Grow\u2122 programs include: Strategic Grow\u2122 Marketing2Sales Grow\u2122 Inbound Grow\u2122 Social Grow\u2122 Video Grow\u2122 Strategic Grow\u2122 Increasing sales and attaining a viable competitive\" \/>\n\t<meta name=\"robots\" content=\"max-image-preview:large\" \/>\n\t<link rel=\"canonical\" href=\"https:\/\/honeypotmarketing.com\/es\/grow\/strategy\/\" \/>\n\t<meta name=\"generator\" content=\"All in One SEO Pro (AIOSEO) 4.9.6.1\" \/>\n\t\t<meta property=\"og:locale\" content=\"es_MX\" \/>\n\t\t<meta property=\"og:site_name\" content=\"Digital Marketing for Growing Businesses by Honeypot Marketing - All Marketing is Digital. We specialize in B2B, ABM, MarTech, AdTech and Growing Businesses through Technology.\" \/>\n\t\t<meta property=\"og:type\" content=\"article\" \/>\n\t\t<meta property=\"og:title\" content=\"Strategic Marketing : Strategic Grow\" \/>\n\t\t<meta property=\"og:description\" content=\"The Honeypot Grow\u2122 programs are the building blocks your Modern Marketing program. We keep things simple and only give you what you need \u2013 at the time you need it. The Honeypot Marketing Grow\u2122 programs include: Strategic Grow\u2122 Marketing2Sales Grow\u2122 Inbound Grow\u2122 Social Grow\u2122 Video Grow\u2122 Strategic Grow\u2122 Increasing sales and attaining a viable competitive\" \/>\n\t\t<meta property=\"og:url\" content=\"https:\/\/honeypotmarketing.com\/es\/grow\/strategy\/\" \/>\n\t\t<meta property=\"og:image\" content=\"https:\/\/honeypotmarketing.com\/wp-content\/uploads\/2023\/11\/cropped-Honeypot-Logo-without-bee.png\" \/>\n\t\t<meta property=\"og:image:secure_url\" content=\"https:\/\/honeypotmarketing.com\/wp-content\/uploads\/2023\/11\/cropped-Honeypot-Logo-without-bee.png\" \/>\n\t\t<meta property=\"article:published_time\" content=\"2013-11-23T20:15:56+00:00\" \/>\n\t\t<meta property=\"article:modified_time\" content=\"2013-11-23T20:15:56+00:00\" \/>\n\t\t<meta property=\"article:publisher\" content=\"https:\/\/www.facebook.com\/honeypot.marketing\/\" \/>\n\t\t<meta name=\"twitter:card\" content=\"summary_large_image\" \/>\n\t\t<meta name=\"twitter:site\" content=\"@honeypot_mkting\" \/>\n\t\t<meta name=\"twitter:title\" content=\"Strategic Marketing : Strategic Grow\" \/>\n\t\t<meta name=\"twitter:description\" content=\"The Honeypot Grow\u2122 programs are the building blocks your Modern Marketing program. We keep things simple and only give you what you need \u2013 at the time you need it. The Honeypot Marketing Grow\u2122 programs include: Strategic Grow\u2122 Marketing2Sales Grow\u2122 Inbound Grow\u2122 Social Grow\u2122 Video Grow\u2122 Strategic Grow\u2122 Increasing sales and attaining a viable competitive\" \/>\n\t\t<meta name=\"twitter:creator\" content=\"@honeypot_mkting\" \/>\n\t\t<meta name=\"twitter:image\" content=\"https:\/\/honeypotmarketing.com\/wp-content\/uploads\/2023\/11\/cropped-Honeypot-Logo-without-bee.png\" \/>\n\t\t<script type=\"application\/ld+json\" class=\"aioseo-schema\">\n\t\t\t{\"@context\":\"https:\\\/\\\/schema.org\",\"@graph\":[{\"@type\":\"BreadcrumbList\",\"@id\":\"https:\\\/\\\/honeypotmarketing.com\\\/es\\\/grow\\\/strategy\\\/#breadcrumblist\",\"itemListElement\":[{\"@type\":\"ListItem\",\"@id\":\"https:\\\/\\\/honeypotmarketing.com\\\/es#listItem\",\"position\":1,\"name\":\"Home\",\"item\":\"https:\\\/\\\/honeypotmarketing.com\\\/es\",\"nextItem\":{\"@type\":\"ListItem\",\"@id\":\"https:\\\/\\\/honeypotmarketing.com\\\/es\\\/grow\\\/#listItem\",\"name\":\"Grow\"}},{\"@type\":\"ListItem\",\"@id\":\"https:\\\/\\\/honeypotmarketing.com\\\/es\\\/grow\\\/#listItem\",\"position\":2,\"name\":\"Grow\",\"item\":\"https:\\\/\\\/honeypotmarketing.com\\\/es\\\/grow\\\/\",\"nextItem\":{\"@type\":\"ListItem\",\"@id\":\"https:\\\/\\\/honeypotmarketing.com\\\/es\\\/grow\\\/strategy\\\/#listItem\",\"name\":\"Strategic Marketing : Strategic Grow\"},\"previousItem\":{\"@type\":\"ListItem\",\"@id\":\"https:\\\/\\\/honeypotmarketing.com\\\/es#listItem\",\"name\":\"Home\"}},{\"@type\":\"ListItem\",\"@id\":\"https:\\\/\\\/honeypotmarketing.com\\\/es\\\/grow\\\/strategy\\\/#listItem\",\"position\":3,\"name\":\"Strategic Marketing : Strategic Grow\",\"previousItem\":{\"@type\":\"ListItem\",\"@id\":\"https:\\\/\\\/honeypotmarketing.com\\\/es\\\/grow\\\/#listItem\",\"name\":\"Grow\"}}]},{\"@type\":\"Organization\",\"@id\":\"https:\\\/\\\/honeypotmarketing.com\\\/es\\\/#organization\",\"name\":\"Honeypot Marketing\",\"description\":\"We're a sales and marketing agency for growing businesses. Our team of professionals work with your team to make your business objectives a reality through effective sales, marketing and technology.\",\"url\":\"https:\\\/\\\/honeypotmarketing.com\\\/es\\\/\",\"email\":\"hi@honeypotmarketing.com\",\"telephone\":\"+12263366220\",\"foundingDate\":\"2001-01-04\",\"numberOfEmployees\":{\"@type\":\"QuantitativeValue\",\"minValue\":8,\"maxValue\":14},\"logo\":{\"@type\":\"ImageObject\",\"url\":\"https:\\\/\\\/honeypotmarketing.com\\\/wp-content\\\/uploads\\\/adminify-custom-icons\\\/cropped-Benny-Bee.png\",\"@id\":\"https:\\\/\\\/honeypotmarketing.com\\\/es\\\/grow\\\/strategy\\\/#organizationLogo\",\"width\":512,\"height\":512},\"image\":{\"@id\":\"https:\\\/\\\/honeypotmarketing.com\\\/es\\\/grow\\\/strategy\\\/#organizationLogo\"},\"sameAs\":[\"https:\\\/\\\/www.facebook.com\\\/honeypot.marketing\\\/\",\"https:\\\/\\\/x.com\\\/honeypot_mkting?lang=en\",\"https:\\\/\\\/www.instagram.com\\\/honeypotmarketing\\\/\",\"https:\\\/\\\/www.tiktok.com\\\/@honeypotmarketing\",\"https:\\\/\\\/www.youtube.com\\\/channel\\\/UCzEqYq4v78fn6PTVa6K0O6g\",\"https:\\\/\\\/www.linkedin.com\\\/company\\\/honeypot-marketing\\\/\"]},{\"@type\":\"WebPage\",\"@id\":\"https:\\\/\\\/honeypotmarketing.com\\\/es\\\/grow\\\/strategy\\\/#webpage\",\"url\":\"https:\\\/\\\/honeypotmarketing.com\\\/es\\\/grow\\\/strategy\\\/\",\"name\":\"Strategic Marketing : Strategic Grow\",\"description\":\"The Honeypot Grow\\u2122 programs are the building blocks your Modern Marketing program. We keep things simple and only give you what you need \\u2013 at the time you need it. The Honeypot Marketing Grow\\u2122 programs include: Strategic Grow\\u2122 Marketing2Sales Grow\\u2122 Inbound Grow\\u2122 Social Grow\\u2122 Video Grow\\u2122 Strategic Grow\\u2122 Increasing sales and attaining a viable competitive\",\"inLanguage\":\"es-MX\",\"isPartOf\":{\"@id\":\"https:\\\/\\\/honeypotmarketing.com\\\/es\\\/#website\"},\"breadcrumb\":{\"@id\":\"https:\\\/\\\/honeypotmarketing.com\\\/es\\\/grow\\\/strategy\\\/#breadcrumblist\"},\"datePublished\":\"2013-11-23T20:15:56-05:00\",\"dateModified\":\"2013-11-23T20:15:56-05:00\"},{\"@type\":\"WebSite\",\"@id\":\"https:\\\/\\\/honeypotmarketing.com\\\/es\\\/#website\",\"url\":\"https:\\\/\\\/honeypotmarketing.com\\\/es\\\/\",\"name\":\"Honeypot Marketing\",\"alternateName\":\"honeypotmarketing.com\",\"description\":\"All Marketing is Digital. We specialize in B2B, ABM, MarTech, AdTech and Growing Businesses through Technology.\",\"inLanguage\":\"es-MX\",\"publisher\":{\"@id\":\"https:\\\/\\\/honeypotmarketing.com\\\/es\\\/#organization\"}}]}\n\t\t<\/script>\n\t\t<script type=\"text\/javascript\">\n\t\t\t(function(c,l,a,r,i,t,y){\n\t\t\tc[a]=c[a]||function(){(c[a].q=c[a].q||[]).push(arguments)};t=l.createElement(r);t.async=1;\n\t\t\tt.src=\"https:\/\/www.clarity.ms\/tag\/\"+i+\"?ref=aioseo\";y=l.getElementsByTagName(r)[0];y.parentNode.insertBefore(t,y);\n\t\t})(window, document, \"clarity\", \"script\", \"lz1itarc1h\");\n\t\t<\/script>\n\t\t<script>(function(w,d,s,l,i){w[l]=w[l]||[];w[l].push({'gtm.start': new Date().getTime(),event:'gtm.js'});var f=d.getElementsByTagName(s)[0], j=d.createElement(s),dl=l!='dataLayer'?'&l='+l:'';j.async=true;j.src='https:\/\/www.googletagmanager.com\/gtm.js?id='+i+dl;f.parentNode.insertBefore(j,f);})(window,document,'script','dataLayer',\"GTM-PBNLZVB\");<\/script>\n\t\t<!-- All in One SEO Pro -->\r\n\t\t<title>Strategic Marketing : Strategic Grow<\/title>\n\n","aioseo_head_json":{"title":"Marketing estrat\u00e9gico: crecimiento estrat\u00e9gico","description":"The Honeypot Grow\u2122 programs are the building blocks your Modern Marketing program. We keep things simple and only give you what you need \u2013 at the time you need it. The Honeypot Marketing Grow\u2122 programs include: Strategic Grow\u2122 Marketing2Sales Grow\u2122 Inbound Grow\u2122 Social Grow\u2122 Video Grow\u2122 Strategic Grow\u2122 Increasing sales and attaining a viable competitive","canonical_url":"https:\/\/honeypotmarketing.com\/es\/grow\/strategy\/","robots":"max-image-preview:large","keywords":"","webmasterTools":{"miscellaneous":""},"schema":{"@context":"https:\/\/schema.org","@graph":[{"@type":"BreadcrumbList","@id":"https:\/\/honeypotmarketing.com\/es\/grow\/strategy\/#breadcrumblist","itemListElement":[{"@type":"ListItem","@id":"https:\/\/honeypotmarketing.com\/es#listItem","position":1,"name":"Home","item":"https:\/\/honeypotmarketing.com\/es","nextItem":{"@type":"ListItem","@id":"https:\/\/honeypotmarketing.com\/es\/grow\/#listItem","name":"Grow"}},{"@type":"ListItem","@id":"https:\/\/honeypotmarketing.com\/es\/grow\/#listItem","position":2,"name":"Grow","item":"https:\/\/honeypotmarketing.com\/es\/grow\/","nextItem":{"@type":"ListItem","@id":"https:\/\/honeypotmarketing.com\/es\/grow\/strategy\/#listItem","name":"Strategic Marketing : Strategic Grow"},"previousItem":{"@type":"ListItem","@id":"https:\/\/honeypotmarketing.com\/es#listItem","name":"Home"}},{"@type":"ListItem","@id":"https:\/\/honeypotmarketing.com\/es\/grow\/strategy\/#listItem","position":3,"name":"Strategic Marketing : Strategic Grow","previousItem":{"@type":"ListItem","@id":"https:\/\/honeypotmarketing.com\/es\/grow\/#listItem","name":"Grow"}}]},{"@type":"Organization","@id":"https:\/\/honeypotmarketing.com\/es\/#organization","name":"Honeypot Marketing","description":"We're a sales and marketing agency for growing businesses. Our team of professionals work with your team to make your business objectives a reality through effective sales, marketing and technology.","url":"https:\/\/honeypotmarketing.com\/es\/","email":"hi@honeypotmarketing.com","telephone":"+12263366220","foundingDate":"2001-01-04","numberOfEmployees":{"@type":"QuantitativeValue","minValue":8,"maxValue":14},"logo":{"@type":"ImageObject","url":"https:\/\/honeypotmarketing.com\/wp-content\/uploads\/adminify-custom-icons\/cropped-Benny-Bee.png","@id":"https:\/\/honeypotmarketing.com\/es\/grow\/strategy\/#organizationLogo","width":512,"height":512},"image":{"@id":"https:\/\/honeypotmarketing.com\/es\/grow\/strategy\/#organizationLogo"},"sameAs":["https:\/\/www.facebook.com\/honeypot.marketing\/","https:\/\/x.com\/honeypot_mkting?lang=en","https:\/\/www.instagram.com\/honeypotmarketing\/","https:\/\/www.tiktok.com\/@honeypotmarketing","https:\/\/www.youtube.com\/channel\/UCzEqYq4v78fn6PTVa6K0O6g","https:\/\/www.linkedin.com\/company\/honeypot-marketing\/"]},{"@type":"WebPage","@id":"https:\/\/honeypotmarketing.com\/es\/grow\/strategy\/#webpage","url":"https:\/\/honeypotmarketing.com\/es\/grow\/strategy\/","name":"Strategic Marketing : Strategic Grow","description":"The Honeypot Grow\u2122 programs are the building blocks your Modern Marketing program. We keep things simple and only give you what you need \u2013 at the time you need it. The Honeypot Marketing Grow\u2122 programs include: Strategic Grow\u2122 Marketing2Sales Grow\u2122 Inbound Grow\u2122 Social Grow\u2122 Video Grow\u2122 Strategic Grow\u2122 Increasing sales and attaining a viable competitive","inLanguage":"es-MX","isPartOf":{"@id":"https:\/\/honeypotmarketing.com\/es\/#website"},"breadcrumb":{"@id":"https:\/\/honeypotmarketing.com\/es\/grow\/strategy\/#breadcrumblist"},"datePublished":"2013-11-23T20:15:56-05:00","dateModified":"2013-11-23T20:15:56-05:00"},{"@type":"WebSite","@id":"https:\/\/honeypotmarketing.com\/es\/#website","url":"https:\/\/honeypotmarketing.com\/es\/","name":"Honeypot Marketing","alternateName":"honeypotmarketing.com","description":"All Marketing is Digital. We specialize in B2B, ABM, MarTech, AdTech and Growing Businesses through Technology.","inLanguage":"es-MX","publisher":{"@id":"https:\/\/honeypotmarketing.com\/es\/#organization"}}]},"og:locale":"es_MX","og:site_name":"Digital Marketing for Growing Businesses by Honeypot Marketing - All Marketing is Digital. We specialize in B2B, ABM, MarTech, AdTech and Growing Businesses through Technology.","og:type":"article","og:title":"Strategic Marketing : Strategic Grow","og:description":"The Honeypot Grow\u2122 programs are the building blocks your Modern Marketing program. We keep things simple and only give you what you need \u2013 at the time you need it. The Honeypot Marketing Grow\u2122 programs include: Strategic Grow\u2122 Marketing2Sales Grow\u2122 Inbound Grow\u2122 Social Grow\u2122 Video Grow\u2122 Strategic Grow\u2122 Increasing sales and attaining a viable competitive","og:url":"https:\/\/honeypotmarketing.com\/es\/grow\/strategy\/","og:image":"https:\/\/honeypotmarketing.com\/wp-content\/uploads\/2023\/11\/cropped-Honeypot-Logo-without-bee.png","og:image:secure_url":"https:\/\/honeypotmarketing.com\/wp-content\/uploads\/2023\/11\/cropped-Honeypot-Logo-without-bee.png","article:published_time":"2013-11-23T20:15:56+00:00","article:modified_time":"2013-11-23T20:15:56+00:00","article:publisher":"https:\/\/www.facebook.com\/honeypot.marketing\/","twitter:card":"summary_large_image","twitter:site":"@honeypot_mkting","twitter:title":"Strategic Marketing : Strategic Grow","twitter:description":"The Honeypot Grow\u2122 programs are the building blocks your Modern Marketing program. We keep things simple and only give you what you need \u2013 at the time you need it. The Honeypot Marketing Grow\u2122 programs include: Strategic Grow\u2122 Marketing2Sales Grow\u2122 Inbound Grow\u2122 Social Grow\u2122 Video Grow\u2122 Strategic Grow\u2122 Increasing sales and attaining a viable competitive","twitter:creator":"@honeypot_mkting","twitter:image":"https:\/\/honeypotmarketing.com\/wp-content\/uploads\/2023\/11\/cropped-Honeypot-Logo-without-bee.png"},"aioseo_meta_data":{"post_id":"2699","title":null,"description":null,"keywords":null,"keyphrases":null,"primary_term":null,"canonical_url":null,"og_title":null,"og_description":null,"og_object_type":"default","og_image_type":"default","og_image_url":null,"og_image_width":null,"og_image_height":null,"og_image_custom_url":null,"og_image_custom_fields":null,"og_video":null,"og_custom_url":null,"og_article_section":null,"og_article_tags":null,"twitter_use_og":false,"twitter_card":"default","twitter_image_type":"default","twitter_image_url":null,"twitter_image_custom_url":null,"twitter_image_custom_fields":null,"twitter_title":null,"twitter_description":null,"schema":{"blockGraphs":[],"customGraphs":[],"default":{"data":{"Article":[],"Course":[],"Dataset":[],"FAQPage":[],"Movie":[],"Person":[],"Product":[],"ProductReview":[],"Car":[],"Recipe":[],"Service":[],"SoftwareApplication":[],"WebPage":[]},"graphName":"","isEnabled":true},"graphs":[]},"schema_type":"default","schema_type_options":null,"pillar_content":false,"robots_default":true,"robots_noindex":false,"robots_noarchive":false,"robots_nosnippet":false,"robots_nofollow":false,"robots_noimageindex":false,"robots_noodp":false,"robots_notranslate":false,"robots_max_snippet":null,"robots_max_videopreview":null,"robots_max_imagepreview":"large","priority":null,"frequency":null,"local_seo":null,"seo_analyzer_scan_date":"2025-12-20 23:25:08","breadcrumb_settings":null,"limit_modified_date":false,"reviewed_by":null,"open_ai":null,"ai":null,"created":"2024-03-18 14:10:18","updated":"2025-12-20 23:25:08"},"aioseo_breadcrumb":"<div class=\"aioseo-breadcrumbs\"><span class=\"aioseo-breadcrumb\">\n\t<a href=\"https:\/\/honeypotmarketing.com\/es\" title=\"Home\">Home<\/a>\n<\/span><span class=\"aioseo-breadcrumb-separator\">\u00bb<\/span><span class=\"aioseo-breadcrumb\">\n\t<a href=\"https:\/\/honeypotmarketing.com\/es\/grow\/\" title=\"Grow\">Grow<\/a>\n<\/span><span class=\"aioseo-breadcrumb-separator\">\u00bb<\/span><span class=\"aioseo-breadcrumb\">\n\tStrategic Marketing : Strategic Grow\n<\/span><\/div>","aioseo_breadcrumb_json":[{"label":"Home","link":"https:\/\/honeypotmarketing.com\/es"},{"label":"Grow","link":"https:\/\/honeypotmarketing.com\/es\/grow\/"},{"label":"Strategic Marketing : Strategic Grow","link":"https:\/\/honeypotmarketing.com\/es\/grow\/strategy\/"}],"_links":{"self":[{"href":"https:\/\/honeypotmarketing.com\/es\/wp-json\/wp\/v2\/pages\/2699","targetHints":{"allow":["GET"]}}],"collection":[{"href":"https:\/\/honeypotmarketing.com\/es\/wp-json\/wp\/v2\/pages"}],"about":[{"href":"https:\/\/honeypotmarketing.com\/es\/wp-json\/wp\/v2\/types\/page"}],"author":[{"embeddable":true,"href":"https:\/\/honeypotmarketing.com\/es\/wp-json\/wp\/v2\/users\/3"}],"replies":[{"embeddable":true,"href":"https:\/\/honeypotmarketing.com\/es\/wp-json\/wp\/v2\/comments?post=2699"}],"version-history":[{"count":0,"href":"https:\/\/honeypotmarketing.com\/es\/wp-json\/wp\/v2\/pages\/2699\/revisions"}],"up":[{"embeddable":true,"href":"https:\/\/honeypotmarketing.com\/es\/wp-json\/wp\/v2\/pages\/2347"}],"wp:attachment":[{"href":"https:\/\/honeypotmarketing.com\/es\/wp-json\/wp\/v2\/media?parent=2699"}],"curies":[{"name":"wp","href":"https:\/\/api.w.org\/{rel}","templated":true}]}}