{"id":3894,"date":"2014-08-30T16:16:07","date_gmt":"2014-08-30T16:16:07","guid":{"rendered":"https:\/\/honeypot.wpengine.com\/?page_id=3894"},"modified":"2014-08-30T16:16:07","modified_gmt":"2014-08-30T16:16:07","slug":"generar-trafico","status":"publish","type":"page","link":"https:\/\/honeypotmarketing.com\/es\/drive-traffic\/","title":{"rendered":"Generar m\u00e1s tr\u00e1fico"},"content":{"rendered":"<p>Toda empresa necesita tr\u00e1fico para tener \u00e9xito.<\/p>\n<p>Quiz\u00e1s est\u00e9s pensando: \u201cTengo un negocio local con sede f\u00edsica, Internet no me ayudar\u00e1\u201d.<\/p>\n<p>Internet est\u00e1 en todas partes, llevamos siempre encima ordenadores de bolsillo que nos mantienen en contacto y conectados con los productos, servicios y empresas m\u00e1s cercanos a nosotros y en l\u00ednea.<\/p>\n<p>La visibilidad y el conocimiento son necesarios para que su negocio no s\u00f3lo sobreviva sino que prospere.<\/p>\n<p>No solo eso, sino que tus clientes potenciales necesitan una acci\u00f3n clara y comprensible que realizar: \u00bfdeber\u00edan registrarse, llamar, descargar un c\u00f3digo de descuento?<\/p>\n<p>Ah\u00ed es donde entramos nosotros. Perm\u00edtanos ayudarle a hacer crecer su negocio.<\/p>\n<p>Nuestra hoja de ruta gratuita cubre los fundamentos pr\u00e1cticos de la generaci\u00f3n de tr\u00e1fico moderna:<\/p>\n<ol>\n<li>Conceptos b\u00e1sicos de b\u00fasqueda en Google, Bing y Yahoo.<\/li>\n<li>Publicidad paga online que \u00a1no te dejar\u00e1 en bancarrota!<\/li>\n<li>Growth hacking y promoci\u00f3n online.<\/li>\n<li>Venta social y compromiso de ventas.<\/li>\n<li>B\u00fasqueda local y pasos para la generaci\u00f3n de tr\u00e1fico calificado.<\/li>\n<li>T\u00e1cticas reales que hemos utilizado para que nuestros clientes aumenten su tr\u00e1fico.<\/li>\n<\/ol>\n<h3>\u00a1Obt\u00e9n ahora mismo la gu\u00eda gratuita para la generaci\u00f3n de tr\u00e1fico calificado y comencemos a crecer!<\/h3>\n<p>*Nota: <strong>La generaci\u00f3n de tr\u00e1fico es in\u00fatil<\/strong> hasta que tengamos una manera de capitalizar ese tr\u00e1fico. Si te preocupa qu\u00e9 hacer con el nuevo tr\u00e1fico, entonces <strong><a title=\"Capte m\u00e1s clientes potenciales\" href=\"https:\/\/honeypotmarketing.com\/es\/capturar-clientes-potenciales\/\" target=\"_blank\" rel=\"noopener\">Querr\u00e1s adquirir nuestra &quot;Hoja de ruta para la captura de clientes potenciales&quot; ahora<\/a><\/strong>.<\/p>","protected":false},"excerpt":{"rendered":"<p>Every business needs traffic to succeed. You may be thinking: &#8220;I&#8217;ve got a local brick and mortar business, the internet won&#8217;t help me&#8221;. The internet is everywhere, we are carrying around pocket sized computers keeping us in touch and connected to the products, services and businesses nearest to us and online. Visibility and awareness are&#8230;<\/p>","protected":false},"author":3,"featured_media":0,"parent":0,"menu_order":0,"comment_status":"open","ping_status":"open","template":"","meta":{"content-type":"","om_disable_all_campaigns":false,"_uag_custom_page_level_css":"","_kad_blocks_custom_css":"","_kad_blocks_head_custom_js":"","_kad_blocks_body_custom_js":"","_kad_blocks_footer_custom_js":"","_monsterinsights_skip_tracking":false,"_monsterinsights_sitenote_active":false,"_monsterinsights_sitenote_note":"","_monsterinsights_sitenote_category":0,"_kadence_starter_templates_imported_post":false,"_kad_post_transparent":"","_kad_post_title":"","_kad_post_layout":"","_kad_post_sidebar_id":"","_kad_post_content_style":"","_kad_post_vertical_padding":"","_kad_post_feature":"","_kad_post_feature_position":"","_kad_post_header":false,"_kad_post_footer":false,"_kad_post_classname":"","footnotes":""},"class_list":["post-3894","page","type-page","status-publish","hentry"],"aioseo_notices":[],"taxonomy_info":[],"featured_image_src_large":false,"author_info":{"display_name":"The Bee Team","author_link":"https:\/\/honeypotmarketing.com\/es\/author\/bee-team\/"},"comment_info":0,"uagb_featured_image_src":{"full":false,"thumbnail":false,"medium":false,"medium_large":false,"large":false,"1536x1536":false,"2048x2048":false,"trp-custom-language-flag":false},"uagb_author_info":{"display_name":"The Bee Team","author_link":"https:\/\/honeypotmarketing.com\/es\/author\/bee-team\/"},"uagb_comment_info":0,"uagb_excerpt":"Every business needs traffic to succeed. You may be thinking: &#8220;I&#8217;ve got a local brick and mortar business, the internet won&#8217;t help me&#8221;. The internet is everywhere, we are carrying around pocket sized computers keeping us in touch and connected to the products, services and businesses nearest to us and online. Visibility and awareness are...","aioseo_head":"\n\t\t<!-- All in One SEO Pro 4.9.5.2 - aioseo.com -->\n\t<meta name=\"description\" content=\"Every business needs traffic to succeed. You may be thinking: &quot;I&#039;ve got a local brick and mortar business, the internet won&#039;t help me&quot;. The internet is everywhere, we are carrying around pocket sized computers keeping us in touch and connected to the products, services and businesses nearest to us and online. Visibility and awareness are\" \/>\n\t<meta name=\"robots\" content=\"max-image-preview:large\" \/>\n\t<link rel=\"canonical\" href=\"https:\/\/honeypotmarketing.com\/es\/drive-traffic\/\" \/>\n\t<meta name=\"generator\" content=\"All in One SEO Pro (AIOSEO) 4.9.5.2\" \/>\n\t\t<meta property=\"og:locale\" content=\"es_MX\" \/>\n\t\t<meta property=\"og:site_name\" content=\"Digital Marketing for Growing Businesses by Honeypot Marketing - All Marketing is Digital. We specialize in B2B, ABM, MarTech, AdTech and Growing Businesses through Technology.\" \/>\n\t\t<meta property=\"og:type\" content=\"article\" \/>\n\t\t<meta property=\"og:title\" content=\"Drive More Traffic\" \/>\n\t\t<meta property=\"og:description\" content=\"Every business needs traffic to succeed. You may be thinking: &quot;I&#039;ve got a local brick and mortar business, the internet won&#039;t help me&quot;. The internet is everywhere, we are carrying around pocket sized computers keeping us in touch and connected to the products, services and businesses nearest to us and online. Visibility and awareness are\" \/>\n\t\t<meta property=\"og:url\" content=\"https:\/\/honeypotmarketing.com\/es\/drive-traffic\/\" \/>\n\t\t<meta property=\"og:image\" content=\"https:\/\/honeypotmarketing.com\/wp-content\/uploads\/2023\/11\/cropped-Honeypot-Logo-without-bee.png\" \/>\n\t\t<meta property=\"og:image:secure_url\" content=\"https:\/\/honeypotmarketing.com\/wp-content\/uploads\/2023\/11\/cropped-Honeypot-Logo-without-bee.png\" \/>\n\t\t<meta property=\"article:published_time\" content=\"2014-08-30T16:16:07+00:00\" \/>\n\t\t<meta property=\"article:modified_time\" content=\"2014-08-30T16:16:07+00:00\" \/>\n\t\t<meta property=\"article:publisher\" content=\"https:\/\/www.facebook.com\/honeypot.marketing\/\" \/>\n\t\t<meta name=\"twitter:card\" content=\"summary_large_image\" \/>\n\t\t<meta name=\"twitter:site\" content=\"@honeypot_mkting\" \/>\n\t\t<meta name=\"twitter:title\" content=\"Drive More Traffic\" \/>\n\t\t<meta name=\"twitter:description\" content=\"Every business needs traffic to succeed. You may be thinking: &quot;I&#039;ve got a local brick and mortar business, the internet won&#039;t help me&quot;. The internet is everywhere, we are carrying around pocket sized computers keeping us in touch and connected to the products, services and businesses nearest to us and online. Visibility and awareness are\" \/>\n\t\t<meta name=\"twitter:creator\" content=\"@honeypot_mkting\" \/>\n\t\t<meta name=\"twitter:image\" content=\"https:\/\/honeypotmarketing.com\/wp-content\/uploads\/2023\/11\/cropped-Honeypot-Logo-without-bee.png\" \/>\n\t\t<script type=\"application\/ld+json\" class=\"aioseo-schema\">\n\t\t\t{\"@context\":\"https:\\\/\\\/schema.org\",\"@graph\":[{\"@type\":\"BreadcrumbList\",\"@id\":\"https:\\\/\\\/honeypotmarketing.com\\\/es\\\/drive-traffic\\\/#breadcrumblist\",\"itemListElement\":[{\"@type\":\"ListItem\",\"@id\":\"https:\\\/\\\/honeypotmarketing.com\\\/es#listItem\",\"position\":1,\"name\":\"Home\",\"item\":\"https:\\\/\\\/honeypotmarketing.com\\\/es\",\"nextItem\":{\"@type\":\"ListItem\",\"@id\":\"https:\\\/\\\/honeypotmarketing.com\\\/es\\\/drive-traffic\\\/#listItem\",\"name\":\"Drive More Traffic\"}},{\"@type\":\"ListItem\",\"@id\":\"https:\\\/\\\/honeypotmarketing.com\\\/es\\\/drive-traffic\\\/#listItem\",\"position\":2,\"name\":\"Drive More Traffic\",\"previousItem\":{\"@type\":\"ListItem\",\"@id\":\"https:\\\/\\\/honeypotmarketing.com\\\/es#listItem\",\"name\":\"Home\"}}]},{\"@type\":\"Organization\",\"@id\":\"https:\\\/\\\/honeypotmarketing.com\\\/es\\\/#organization\",\"name\":\"Honeypot Marketing\",\"description\":\"We're a sales and marketing agency for growing businesses. Our team of professionals work with your team to make your business objectives a reality through effective sales, marketing and technology.\",\"url\":\"https:\\\/\\\/honeypotmarketing.com\\\/es\\\/\",\"email\":\"hi@honeypotmarketing.com\",\"telephone\":\"+12263366220\",\"foundingDate\":\"2001-01-04\",\"numberOfEmployees\":{\"@type\":\"QuantitativeValue\",\"minValue\":8,\"maxValue\":14},\"logo\":{\"@type\":\"ImageObject\",\"url\":\"https:\\\/\\\/honeypotmarketing.com\\\/wp-content\\\/uploads\\\/adminify-custom-icons\\\/cropped-Benny-Bee.png\",\"@id\":\"https:\\\/\\\/honeypotmarketing.com\\\/es\\\/drive-traffic\\\/#organizationLogo\",\"width\":512,\"height\":512},\"image\":{\"@id\":\"https:\\\/\\\/honeypotmarketing.com\\\/es\\\/drive-traffic\\\/#organizationLogo\"},\"sameAs\":[\"https:\\\/\\\/www.facebook.com\\\/honeypot.marketing\\\/\",\"https:\\\/\\\/x.com\\\/honeypot_mkting?lang=en\",\"https:\\\/\\\/www.instagram.com\\\/honeypotmarketing\\\/\",\"https:\\\/\\\/www.tiktok.com\\\/@honeypotmarketing\",\"https:\\\/\\\/www.youtube.com\\\/channel\\\/UCzEqYq4v78fn6PTVa6K0O6g\",\"https:\\\/\\\/www.linkedin.com\\\/company\\\/honeypot-marketing\\\/\"]},{\"@type\":\"WebPage\",\"@id\":\"https:\\\/\\\/honeypotmarketing.com\\\/es\\\/drive-traffic\\\/#webpage\",\"url\":\"https:\\\/\\\/honeypotmarketing.com\\\/es\\\/drive-traffic\\\/\",\"name\":\"Drive More Traffic\",\"description\":\"Every business needs traffic to succeed. You may be thinking: \\\"I've got a local brick and mortar business, the internet won't help me\\\". The internet is everywhere, we are carrying around pocket sized computers keeping us in touch and connected to the products, services and businesses nearest to us and online. Visibility and awareness are\",\"inLanguage\":\"es-MX\",\"isPartOf\":{\"@id\":\"https:\\\/\\\/honeypotmarketing.com\\\/es\\\/#website\"},\"breadcrumb\":{\"@id\":\"https:\\\/\\\/honeypotmarketing.com\\\/es\\\/drive-traffic\\\/#breadcrumblist\"},\"datePublished\":\"2014-08-30T16:16:07-04:00\",\"dateModified\":\"2014-08-30T16:16:07-04:00\"},{\"@type\":\"WebSite\",\"@id\":\"https:\\\/\\\/honeypotmarketing.com\\\/es\\\/#website\",\"url\":\"https:\\\/\\\/honeypotmarketing.com\\\/es\\\/\",\"name\":\"Honeypot Marketing\",\"alternateName\":\"honeypotmarketing.com\",\"description\":\"All Marketing is Digital. We specialize in B2B, ABM, MarTech, AdTech and Growing Businesses through Technology.\",\"inLanguage\":\"es-MX\",\"publisher\":{\"@id\":\"https:\\\/\\\/honeypotmarketing.com\\\/es\\\/#organization\"}}]}\n\t\t<\/script>\n\t\t<script type=\"text\/javascript\">\n\t\t\t(function(c,l,a,r,i,t,y){\n\t\t\tc[a]=c[a]||function(){(c[a].q=c[a].q||[]).push(arguments)};t=l.createElement(r);t.async=1;\n\t\t\tt.src=\"https:\/\/www.clarity.ms\/tag\/\"+i+\"?ref=aioseo\";y=l.getElementsByTagName(r)[0];y.parentNode.insertBefore(t,y);\n\t\t})(window, document, \"clarity\", \"script\", \"lz1itarc1h\");\n\t\t<\/script>\n\t\t<script>(function(w,d,s,l,i){w[l]=w[l]||[];w[l].push({'gtm.start': new Date().getTime(),event:'gtm.js'});var f=d.getElementsByTagName(s)[0], j=d.createElement(s),dl=l!='dataLayer'?'&l='+l:'';j.async=true;j.src='https:\/\/www.googletagmanager.com\/gtm.js?id='+i+dl;f.parentNode.insertBefore(j,f);})(window,document,'script','dataLayer',\"GTM-PBNLZVB\");<\/script>\n\t\t<!-- All in One SEO Pro -->\r\n\t\t<title>Drive More Traffic<\/title>\n\n","aioseo_head_json":{"title":"Generar m\u00e1s tr\u00e1fico","description":"Every business needs traffic to succeed. You may be thinking: \"I've got a local brick and mortar business, the internet won't help me\". The internet is everywhere, we are carrying around pocket sized computers keeping us in touch and connected to the products, services and businesses nearest to us and online. Visibility and awareness are","canonical_url":"https:\/\/honeypotmarketing.com\/es\/drive-traffic\/","robots":"max-image-preview:large","keywords":"","webmasterTools":{"miscellaneous":""},"schema":{"@context":"https:\/\/schema.org","@graph":[{"@type":"BreadcrumbList","@id":"https:\/\/honeypotmarketing.com\/es\/drive-traffic\/#breadcrumblist","itemListElement":[{"@type":"ListItem","@id":"https:\/\/honeypotmarketing.com\/es#listItem","position":1,"name":"Home","item":"https:\/\/honeypotmarketing.com\/es","nextItem":{"@type":"ListItem","@id":"https:\/\/honeypotmarketing.com\/es\/drive-traffic\/#listItem","name":"Drive More Traffic"}},{"@type":"ListItem","@id":"https:\/\/honeypotmarketing.com\/es\/drive-traffic\/#listItem","position":2,"name":"Drive More Traffic","previousItem":{"@type":"ListItem","@id":"https:\/\/honeypotmarketing.com\/es#listItem","name":"Home"}}]},{"@type":"Organization","@id":"https:\/\/honeypotmarketing.com\/es\/#organization","name":"Honeypot Marketing","description":"We're a sales and marketing agency for growing businesses. Our team of professionals work with your team to make your business objectives a reality through effective sales, marketing and technology.","url":"https:\/\/honeypotmarketing.com\/es\/","email":"hi@honeypotmarketing.com","telephone":"+12263366220","foundingDate":"2001-01-04","numberOfEmployees":{"@type":"QuantitativeValue","minValue":8,"maxValue":14},"logo":{"@type":"ImageObject","url":"https:\/\/honeypotmarketing.com\/wp-content\/uploads\/adminify-custom-icons\/cropped-Benny-Bee.png","@id":"https:\/\/honeypotmarketing.com\/es\/drive-traffic\/#organizationLogo","width":512,"height":512},"image":{"@id":"https:\/\/honeypotmarketing.com\/es\/drive-traffic\/#organizationLogo"},"sameAs":["https:\/\/www.facebook.com\/honeypot.marketing\/","https:\/\/x.com\/honeypot_mkting?lang=en","https:\/\/www.instagram.com\/honeypotmarketing\/","https:\/\/www.tiktok.com\/@honeypotmarketing","https:\/\/www.youtube.com\/channel\/UCzEqYq4v78fn6PTVa6K0O6g","https:\/\/www.linkedin.com\/company\/honeypot-marketing\/"]},{"@type":"WebPage","@id":"https:\/\/honeypotmarketing.com\/es\/drive-traffic\/#webpage","url":"https:\/\/honeypotmarketing.com\/es\/drive-traffic\/","name":"Drive More Traffic","description":"Every business needs traffic to succeed. You may be thinking: \"I've got a local brick and mortar business, the internet won't help me\". The internet is everywhere, we are carrying around pocket sized computers keeping us in touch and connected to the products, services and businesses nearest to us and online. Visibility and awareness are","inLanguage":"es-MX","isPartOf":{"@id":"https:\/\/honeypotmarketing.com\/es\/#website"},"breadcrumb":{"@id":"https:\/\/honeypotmarketing.com\/es\/drive-traffic\/#breadcrumblist"},"datePublished":"2014-08-30T16:16:07-04:00","dateModified":"2014-08-30T16:16:07-04:00"},{"@type":"WebSite","@id":"https:\/\/honeypotmarketing.com\/es\/#website","url":"https:\/\/honeypotmarketing.com\/es\/","name":"Honeypot Marketing","alternateName":"honeypotmarketing.com","description":"All Marketing is Digital. We specialize in B2B, ABM, MarTech, AdTech and Growing Businesses through Technology.","inLanguage":"es-MX","publisher":{"@id":"https:\/\/honeypotmarketing.com\/es\/#organization"}}]},"og:locale":"es_MX","og:site_name":"Digital Marketing for Growing Businesses by Honeypot Marketing - All Marketing is Digital. We specialize in B2B, ABM, MarTech, AdTech and Growing Businesses through Technology.","og:type":"article","og:title":"Drive More Traffic","og:description":"Every business needs traffic to succeed. You may be thinking: &quot;I've got a local brick and mortar business, the internet won't help me&quot;. The internet is everywhere, we are carrying around pocket sized computers keeping us in touch and connected to the products, services and businesses nearest to us and online. Visibility and awareness are","og:url":"https:\/\/honeypotmarketing.com\/es\/drive-traffic\/","og:image":"https:\/\/honeypotmarketing.com\/wp-content\/uploads\/2023\/11\/cropped-Honeypot-Logo-without-bee.png","og:image:secure_url":"https:\/\/honeypotmarketing.com\/wp-content\/uploads\/2023\/11\/cropped-Honeypot-Logo-without-bee.png","article:published_time":"2014-08-30T16:16:07+00:00","article:modified_time":"2014-08-30T16:16:07+00:00","article:publisher":"https:\/\/www.facebook.com\/honeypot.marketing\/","twitter:card":"summary_large_image","twitter:site":"@honeypot_mkting","twitter:title":"Drive More Traffic","twitter:description":"Every business needs traffic to succeed. You may be thinking: &quot;I've got a local brick and mortar business, the internet won't help me&quot;. The internet is everywhere, we are carrying around pocket sized computers keeping us in touch and connected to the products, services and businesses nearest to us and online. Visibility and awareness are","twitter:creator":"@honeypot_mkting","twitter:image":"https:\/\/honeypotmarketing.com\/wp-content\/uploads\/2023\/11\/cropped-Honeypot-Logo-without-bee.png"},"aioseo_meta_data":{"post_id":"3894","title":null,"description":null,"keywords":null,"keyphrases":null,"primary_term":null,"canonical_url":null,"og_title":null,"og_description":null,"og_object_type":"default","og_image_type":"default","og_image_url":null,"og_image_width":null,"og_image_height":null,"og_image_custom_url":null,"og_image_custom_fields":null,"og_video":null,"og_custom_url":null,"og_article_section":null,"og_article_tags":null,"twitter_use_og":false,"twitter_card":"default","twitter_image_type":"default","twitter_image_url":null,"twitter_image_custom_url":null,"twitter_image_custom_fields":null,"twitter_title":null,"twitter_description":null,"schema":{"blockGraphs":[],"customGraphs":[],"default":{"data":{"Article":[],"Course":[],"Dataset":[],"FAQPage":[],"Movie":[],"Person":[],"Product":[],"ProductReview":[],"Car":[],"Recipe":[],"Service":[],"SoftwareApplication":[],"WebPage":[]},"graphName":"","isEnabled":true},"graphs":[]},"schema_type":"default","schema_type_options":null,"pillar_content":false,"robots_default":true,"robots_noindex":false,"robots_noarchive":false,"robots_nosnippet":false,"robots_nofollow":false,"robots_noimageindex":false,"robots_noodp":false,"robots_notranslate":false,"robots_max_snippet":null,"robots_max_videopreview":null,"robots_max_imagepreview":"large","priority":null,"frequency":null,"local_seo":null,"seo_analyzer_scan_date":"2025-12-28 01:46:18","breadcrumb_settings":null,"limit_modified_date":false,"reviewed_by":null,"open_ai":null,"ai":null,"created":"2024-03-18 14:10:22","updated":"2025-12-28 01:46:18"},"aioseo_breadcrumb":"<div class=\"aioseo-breadcrumbs\"><span class=\"aioseo-breadcrumb\">\n\t<a href=\"https:\/\/honeypotmarketing.com\/es\" title=\"Home\">Home<\/a>\n<\/span><span class=\"aioseo-breadcrumb-separator\">\u00bb<\/span><span class=\"aioseo-breadcrumb\">\n\tDrive More Traffic\n<\/span><\/div>","aioseo_breadcrumb_json":[{"label":"Home","link":"https:\/\/honeypotmarketing.com\/es"},{"label":"Drive More Traffic","link":"https:\/\/honeypotmarketing.com\/es\/drive-traffic\/"}],"_links":{"self":[{"href":"https:\/\/honeypotmarketing.com\/es\/wp-json\/wp\/v2\/pages\/3894","targetHints":{"allow":["GET"]}}],"collection":[{"href":"https:\/\/honeypotmarketing.com\/es\/wp-json\/wp\/v2\/pages"}],"about":[{"href":"https:\/\/honeypotmarketing.com\/es\/wp-json\/wp\/v2\/types\/page"}],"author":[{"embeddable":true,"href":"https:\/\/honeypotmarketing.com\/es\/wp-json\/wp\/v2\/users\/3"}],"replies":[{"embeddable":true,"href":"https:\/\/honeypotmarketing.com\/es\/wp-json\/wp\/v2\/comments?post=3894"}],"version-history":[{"count":0,"href":"https:\/\/honeypotmarketing.com\/es\/wp-json\/wp\/v2\/pages\/3894\/revisions"}],"wp:attachment":[{"href":"https:\/\/honeypotmarketing.com\/es\/wp-json\/wp\/v2\/media?parent=3894"}],"curies":[{"name":"wp","href":"https:\/\/api.w.org\/{rel}","templated":true}]}}