{"id":106,"date":"2009-08-20T11:26:23","date_gmt":"2009-08-20T15:26:23","guid":{"rendered":"https:\/\/honeypot.wpengine.com\/?page_id=106"},"modified":"2024-09-21T11:40:21","modified_gmt":"2024-09-21T15:40:21","slug":"surveillance-des-medias-sociaux","status":"publish","type":"page","link":"https:\/\/honeypotmarketing.com\/fr\/social-media-monitoring\/","title":{"rendered":"Surveillance des r\u00e9seaux sociaux | Gestion de la r\u00e9putation"},"content":{"rendered":"<div class=\"wp-block-image\">\n<figure class=\"alignleft\"><a href=\"http:\/\/commons.wikipedia.org\/wiki\/Image:Social-network.svg\"><img decoding=\"async\" src=\"http:\/\/upload.wikimedia.org\/wikipedia\/commons\/thumb\/6\/68\/Social-network.svg\/300px-Social-network.svg.png\" alt=\"An example of a social network diagram.\"\/><\/a><figcaption class=\"wp-element-caption\">Image via <a href=\"http:\/\/commons.wikipedia.org\/wiki\/Image:Social-network.svg\">Wikip\u00e9dia<\/a><\/figcaption><\/figure>\n<\/div>\n\n\n<p>Avec tout le buzz qui se passe en ligne \u00e0 travers les principaux <strong><a class=\"zem_slink\" title=\"R\u00e9seaux sociaux\" href=\"http:\/\/en.wikipedia.org\/wiki\/Social_media\" rel=\"wikipedia\">r\u00e9seaux sociaux<\/a> r\u00e9seaux <\/strong>de nombreuses personnes tentent de surveiller le paysage des discussions de milliers de personnes gr\u00e2ce \u00e0 une litanie d&#039;outils de surveillance des m\u00e9dias sociaux gratuits.<\/p>\n\n\n\n<p>M\u00eame si cela peut \u00eatre moins co\u00fbteux \u00e0 premi\u00e8re vue, il y a un \u00e9norme ensemble de co\u00fbts associ\u00e9s :<\/p>\n\n\n\n<ol class=\"wp-block-list\">\n<li>Employ\u00e9 <strong>facteur temps<\/strong>Quelqu\u2019un doit parcourir chacun de ces outils gratuits et consolider les informations.<\/li>\n\n\n\n<li>La consolidation manuelle des informations entra\u00eenera des inexactitudes en raison de <strong>Erreur humaine<\/strong>.<\/li>\n\n\n\n<li><a class=\"zem_slink\" href=\"http:\/\/en.wikipedia.org\/wiki\/Key_performance_indicator\" rel=\"wikipedia\" title=\"Indicateur cl\u00e9 de performance\">Indicateurs cl\u00e9s de performance<\/a> (KPI) va changer radicalement \u00e0 mesure que <strong>aucun syst\u00e8me d\u00e9finissable<\/strong> est utilis\u00e9 pour rationaliser ces donn\u00e9es.<\/li>\n\n\n\n<li>Quoi <strong>Sentiment<\/strong> vient-elle des r\u00e9seaux sociaux ? Obtenez-vous simplement une liste de tous les bavardages provenant de sources disjointes de m\u00e9dias sociaux ? Encore une fois, vous avez peut-\u00eatre des donn\u00e9es, mais un m\u00e9li-m\u00e9lo de donn\u00e9es ne vous aide pas ?<\/li>\n\n\n\n<li>Si un sentiment n\u00e9gatif surgit, avez-vous un moyen de contacter la personne ? Comment allez-vous proc\u00e9der ?<strong> stocker\/g\u00e9rer\/recontacter <\/strong>cet individu dans le futur.<\/li>\n\n\n\n<li>Plus clairement, comment allez-vous transformer cela <strong>une personne sur un r\u00e9seau social en client ou en d\u00e9fenseur de la marque ?<\/strong><\/li>\n<\/ol>\n\n\n\n<p>Tous ces points cr\u00e9ent une mani\u00e8re d\u00e9sorganis\u00e9e, d\u00e9cousue et inexacte de suivre le buzz sur les r\u00e9seaux sociaux.<\/p>\n\n\n\n<p>Oh, encore une chose. Nous surveillons bien plus que <a class=\"zem_slink\" title=\"R\u00e9seaux sociaux\" href=\"http:\/\/en.wikipedia.org\/wiki\/Social_network\" rel=\"wikipedia\">R\u00e9seaux sociaux<\/a>Nous surveillons les sources d&#039;information et les sites Web sp\u00e9cifiques - notre service est plus qu&#039;une simple surveillance des m\u00e9dias sociaux, c&#039;est une gestion de la r\u00e9putation en ligne.<\/p>\n\n\n\n<p>Nous avons une solution pour vous. Notre <a href=\"https:\/\/honeypotmarketing.com\/fr\/services\/reputation-management\/\">Logiciel et service de gestion de la r\u00e9putation en ligne<\/a> vous permettra de :<\/p>\n\n\n\n<ol class=\"wp-block-list\">\n<li>Surveillez automatiquement des centaines de sites de m\u00e9dias sociaux.<\/li>\n\n\n\n<li>Personnalisez le syst\u00e8me pour ajouter un site sp\u00e9cifique important pour votre entreprise.<\/li>\n\n\n\n<li>Cr\u00e9ez un contact dans le CRM et joignez tous les buzz de cet individu dans un seul enregistrement consolid\u00e9.<\/li>\n\n\n\n<li>Cr\u00e9ez des rapports d\u00e9taill\u00e9s, de gestion, ex\u00e9cutifs et de contact. Vous permettant de prendre des mesures d\u00e9finissables.<\/li>\n\n\n\n<li>D\u00e9finissez les sentiments \u00e0 partir du buzz et observez une tendance g\u00e9n\u00e9rale. Vos clients vous voient-ils positivement ? N\u00e9gativement ?<\/li>\n\n\n\n<li>Cr\u00e9ez des marques et des associations de marques pour votre entreprise, votre gamme de produits ou m\u00eame un individu.<\/li>\n\n\n\n<li>Cr\u00e9ez des rapports exploitables. Vous pouvez contacter ces clients potentiels, interagir avec eux et les transformer en clients actifs.<\/li>\n<\/ol>\n\n\n\n<p>Vous voulez en voir plus ? D\u00e9couvrez un aper\u00e7u de notre <a href=\"https:\/\/honeypotmarketing.com\/fr\/services\/reputation-management\/\">Logiciel et service de gestion de la r\u00e9putation en ligne ici<\/a>.<\/p>","protected":false},"excerpt":{"rendered":"<p>With all of the buzz happening online through major social media networks many people are attempting to monitor the landscape of chatter from thousands of people through a litany of free social media monitoring tools. Although from an upfront perspective this might be less expensive there is are a huge set of costs associated: These&#8230;<\/p>","protected":false},"author":3,"featured_media":0,"parent":0,"menu_order":0,"comment_status":"open","ping_status":"open","template":"","meta":{"content-type":"","om_disable_all_campaigns":false,"_uag_custom_page_level_css":"","_kad_blocks_custom_css":"","_kad_blocks_head_custom_js":"","_kad_blocks_body_custom_js":"","_kad_blocks_footer_custom_js":"","_monsterinsights_skip_tracking":false,"_monsterinsights_sitenote_active":false,"_monsterinsights_sitenote_note":"","_monsterinsights_sitenote_category":0,"_kadence_starter_templates_imported_post":false,"_kad_post_transparent":"","_kad_post_title":"","_kad_post_layout":"","_kad_post_sidebar_id":"","_kad_post_content_style":"","_kad_post_vertical_padding":"","_kad_post_feature":"","_kad_post_feature_position":"","_kad_post_header":false,"_kad_post_footer":false,"_kad_post_classname":"","footnotes":""},"class_list":["post-106","page","type-page","status-publish","hentry"],"aioseo_notices":[],"taxonomy_info":[],"featured_image_src_large":false,"author_info":{"display_name":"The Bee Team","author_link":"https:\/\/honeypotmarketing.com\/fr\/author\/bee-team\/"},"comment_info":0,"uagb_featured_image_src":{"full":false,"thumbnail":false,"medium":false,"medium_large":false,"large":false,"1536x1536":false,"2048x2048":false,"trp-custom-language-flag":false},"uagb_author_info":{"display_name":"The Bee Team","author_link":"https:\/\/honeypotmarketing.com\/fr\/author\/bee-team\/"},"uagb_comment_info":0,"uagb_excerpt":"With all of the buzz happening online through major social media networks many people are attempting to monitor the landscape of chatter from thousands of people through a litany of free social media monitoring tools. Although from an upfront perspective this might be less expensive there is are a huge set of costs associated: These...","aioseo_head":"\n\t\t<!-- All in One SEO Pro 4.9.6.1 - aioseo.com -->\n\t<meta name=\"description\" content=\"With all of the buzz happening online through major social media networks many people are attempting to monitor the landscape of chatter from thousands of people through a litany of free social media monitoring tools. Although from an upfront perspective this might be less expensive there is are a huge set of costs associated: Employee\" \/>\n\t<meta name=\"robots\" content=\"max-image-preview:large\" \/>\n\t<link rel=\"canonical\" href=\"https:\/\/honeypotmarketing.com\/fr\/social-media-monitoring\/\" \/>\n\t<meta name=\"generator\" content=\"All in One SEO Pro (AIOSEO) 4.9.6.1\" \/>\n\t\t<meta property=\"og:locale\" content=\"fr_CA\" \/>\n\t\t<meta property=\"og:site_name\" content=\"Digital Marketing for Growing Businesses by Honeypot Marketing - All Marketing is Digital. We specialize in B2B, ABM, MarTech, AdTech and Growing Businesses through Technology.\" \/>\n\t\t<meta property=\"og:type\" content=\"article\" \/>\n\t\t<meta property=\"og:title\" content=\"Social Media Monitoring | Reputation Management\" \/>\n\t\t<meta property=\"og:description\" content=\"With all of the buzz happening online through major social media networks many people are attempting to monitor the landscape of chatter from thousands of people through a litany of free social media monitoring tools. Although from an upfront perspective this might be less expensive there is are a huge set of costs associated: Employee\" \/>\n\t\t<meta property=\"og:url\" content=\"https:\/\/honeypotmarketing.com\/fr\/social-media-monitoring\/\" \/>\n\t\t<meta property=\"og:image\" content=\"https:\/\/honeypotmarketing.com\/wp-content\/uploads\/2023\/11\/cropped-Honeypot-Logo-without-bee.png\" \/>\n\t\t<meta property=\"og:image:secure_url\" content=\"https:\/\/honeypotmarketing.com\/wp-content\/uploads\/2023\/11\/cropped-Honeypot-Logo-without-bee.png\" \/>\n\t\t<meta property=\"article:published_time\" content=\"2009-08-20T15:26:23+00:00\" \/>\n\t\t<meta property=\"article:modified_time\" content=\"2024-09-21T15:40:21+00:00\" \/>\n\t\t<meta property=\"article:publisher\" content=\"https:\/\/www.facebook.com\/honeypot.marketing\/\" \/>\n\t\t<meta name=\"twitter:card\" content=\"summary_large_image\" \/>\n\t\t<meta name=\"twitter:site\" content=\"@honeypot_mkting\" \/>\n\t\t<meta name=\"twitter:title\" content=\"Social Media Monitoring | Reputation Management\" \/>\n\t\t<meta name=\"twitter:description\" content=\"With all of the buzz happening online through major social media networks many people are attempting to monitor the landscape of chatter from thousands of people through a litany of free social media monitoring tools. Although from an upfront perspective this might be less expensive there is are a huge set of costs associated: Employee\" \/>\n\t\t<meta name=\"twitter:creator\" content=\"@honeypot_mkting\" \/>\n\t\t<meta name=\"twitter:image\" content=\"https:\/\/honeypotmarketing.com\/wp-content\/uploads\/2023\/11\/cropped-Honeypot-Logo-without-bee.png\" \/>\n\t\t<script type=\"application\/ld+json\" class=\"aioseo-schema\">\n\t\t\t{\"@context\":\"https:\\\/\\\/schema.org\",\"@graph\":[{\"@type\":\"BreadcrumbList\",\"@id\":\"https:\\\/\\\/honeypotmarketing.com\\\/fr\\\/social-media-monitoring\\\/#breadcrumblist\",\"itemListElement\":[{\"@type\":\"ListItem\",\"@id\":\"https:\\\/\\\/honeypotmarketing.com\\\/fr#listItem\",\"position\":1,\"name\":\"Home\",\"item\":\"https:\\\/\\\/honeypotmarketing.com\\\/fr\",\"nextItem\":{\"@type\":\"ListItem\",\"@id\":\"https:\\\/\\\/honeypotmarketing.com\\\/fr\\\/social-media-monitoring\\\/#listItem\",\"name\":\"Social Media Monitoring | Reputation Management\"}},{\"@type\":\"ListItem\",\"@id\":\"https:\\\/\\\/honeypotmarketing.com\\\/fr\\\/social-media-monitoring\\\/#listItem\",\"position\":2,\"name\":\"Social Media Monitoring | Reputation Management\",\"previousItem\":{\"@type\":\"ListItem\",\"@id\":\"https:\\\/\\\/honeypotmarketing.com\\\/fr#listItem\",\"name\":\"Home\"}}]},{\"@type\":\"Organization\",\"@id\":\"https:\\\/\\\/honeypotmarketing.com\\\/fr\\\/#organization\",\"name\":\"Honeypot Marketing\",\"description\":\"We're a sales and marketing agency for growing businesses. Our team of professionals work with your team to make your business objectives a reality through effective sales, marketing and technology.\",\"url\":\"https:\\\/\\\/honeypotmarketing.com\\\/fr\\\/\",\"email\":\"hi@honeypotmarketing.com\",\"telephone\":\"+12263366220\",\"foundingDate\":\"2001-01-04\",\"numberOfEmployees\":{\"@type\":\"QuantitativeValue\",\"minValue\":8,\"maxValue\":14},\"logo\":{\"@type\":\"ImageObject\",\"url\":\"https:\\\/\\\/honeypotmarketing.com\\\/wp-content\\\/uploads\\\/adminify-custom-icons\\\/cropped-Benny-Bee.png\",\"@id\":\"https:\\\/\\\/honeypotmarketing.com\\\/fr\\\/social-media-monitoring\\\/#organizationLogo\",\"width\":512,\"height\":512},\"image\":{\"@id\":\"https:\\\/\\\/honeypotmarketing.com\\\/fr\\\/social-media-monitoring\\\/#organizationLogo\"},\"sameAs\":[\"https:\\\/\\\/www.facebook.com\\\/honeypot.marketing\\\/\",\"https:\\\/\\\/x.com\\\/honeypot_mkting?lang=en\",\"https:\\\/\\\/www.instagram.com\\\/honeypotmarketing\\\/\",\"https:\\\/\\\/www.tiktok.com\\\/@honeypotmarketing\",\"https:\\\/\\\/www.youtube.com\\\/channel\\\/UCzEqYq4v78fn6PTVa6K0O6g\",\"https:\\\/\\\/www.linkedin.com\\\/company\\\/honeypot-marketing\\\/\"]},{\"@type\":\"WebPage\",\"@id\":\"https:\\\/\\\/honeypotmarketing.com\\\/fr\\\/social-media-monitoring\\\/#webpage\",\"url\":\"https:\\\/\\\/honeypotmarketing.com\\\/fr\\\/social-media-monitoring\\\/\",\"name\":\"Social Media Monitoring | Reputation Management\",\"description\":\"With all of the buzz happening online through major social media networks many people are attempting to monitor the landscape of chatter from thousands of people through a litany of free social media monitoring tools. Although from an upfront perspective this might be less expensive there is are a huge set of costs associated: Employee\",\"inLanguage\":\"fr-CA\",\"isPartOf\":{\"@id\":\"https:\\\/\\\/honeypotmarketing.com\\\/fr\\\/#website\"},\"breadcrumb\":{\"@id\":\"https:\\\/\\\/honeypotmarketing.com\\\/fr\\\/social-media-monitoring\\\/#breadcrumblist\"},\"datePublished\":\"2009-08-20T11:26:23-04:00\",\"dateModified\":\"2024-09-21T11:40:21-04:00\"},{\"@type\":\"WebSite\",\"@id\":\"https:\\\/\\\/honeypotmarketing.com\\\/fr\\\/#website\",\"url\":\"https:\\\/\\\/honeypotmarketing.com\\\/fr\\\/\",\"name\":\"Honeypot Marketing\",\"alternateName\":\"honeypotmarketing.com\",\"description\":\"All Marketing is Digital. We specialize in B2B, ABM, MarTech, AdTech and Growing Businesses through Technology.\",\"inLanguage\":\"fr-CA\",\"publisher\":{\"@id\":\"https:\\\/\\\/honeypotmarketing.com\\\/fr\\\/#organization\"}}]}\n\t\t<\/script>\n\t\t<script type=\"text\/javascript\">\n\t\t\t(function(c,l,a,r,i,t,y){\n\t\t\tc[a]=c[a]||function(){(c[a].q=c[a].q||[]).push(arguments)};t=l.createElement(r);t.async=1;\n\t\t\tt.src=\"https:\/\/www.clarity.ms\/tag\/\"+i+\"?ref=aioseo\";y=l.getElementsByTagName(r)[0];y.parentNode.insertBefore(t,y);\n\t\t})(window, document, \"clarity\", \"script\", \"lz1itarc1h\");\n\t\t<\/script>\n\t\t<script>(function(w,d,s,l,i){w[l]=w[l]||[];w[l].push({'gtm.start': new Date().getTime(),event:'gtm.js'});var f=d.getElementsByTagName(s)[0], j=d.createElement(s),dl=l!='dataLayer'?'&l='+l:'';j.async=true;j.src='https:\/\/www.googletagmanager.com\/gtm.js?id='+i+dl;f.parentNode.insertBefore(j,f);})(window,document,'script','dataLayer',\"GTM-PBNLZVB\");<\/script>\n\t\t<!-- All in One SEO Pro -->\r\n\t\t<title>Social Media Monitoring | Reputation Management<\/title>\n\n","aioseo_head_json":{"title":"Surveillance des r\u00e9seaux sociaux | Gestion de la r\u00e9putation","description":"With all of the buzz happening online through major social media networks many people are attempting to monitor the landscape of chatter from thousands of people through a litany of free social media monitoring tools. Although from an upfront perspective this might be less expensive there is are a huge set of costs associated: Employee","canonical_url":"https:\/\/honeypotmarketing.com\/fr\/social-media-monitoring\/","robots":"max-image-preview:large","keywords":"","webmasterTools":{"miscellaneous":""},"schema":{"@context":"https:\/\/schema.org","@graph":[{"@type":"BreadcrumbList","@id":"https:\/\/honeypotmarketing.com\/fr\/social-media-monitoring\/#breadcrumblist","itemListElement":[{"@type":"ListItem","@id":"https:\/\/honeypotmarketing.com\/fr#listItem","position":1,"name":"Home","item":"https:\/\/honeypotmarketing.com\/fr","nextItem":{"@type":"ListItem","@id":"https:\/\/honeypotmarketing.com\/fr\/social-media-monitoring\/#listItem","name":"Social Media Monitoring | Reputation Management"}},{"@type":"ListItem","@id":"https:\/\/honeypotmarketing.com\/fr\/social-media-monitoring\/#listItem","position":2,"name":"Social Media Monitoring | Reputation Management","previousItem":{"@type":"ListItem","@id":"https:\/\/honeypotmarketing.com\/fr#listItem","name":"Home"}}]},{"@type":"Organization","@id":"https:\/\/honeypotmarketing.com\/fr\/#organization","name":"Honeypot Marketing","description":"We're a sales and marketing agency for growing businesses. Our team of professionals work with your team to make your business objectives a reality through effective sales, marketing and technology.","url":"https:\/\/honeypotmarketing.com\/fr\/","email":"hi@honeypotmarketing.com","telephone":"+12263366220","foundingDate":"2001-01-04","numberOfEmployees":{"@type":"QuantitativeValue","minValue":8,"maxValue":14},"logo":{"@type":"ImageObject","url":"https:\/\/honeypotmarketing.com\/wp-content\/uploads\/adminify-custom-icons\/cropped-Benny-Bee.png","@id":"https:\/\/honeypotmarketing.com\/fr\/social-media-monitoring\/#organizationLogo","width":512,"height":512},"image":{"@id":"https:\/\/honeypotmarketing.com\/fr\/social-media-monitoring\/#organizationLogo"},"sameAs":["https:\/\/www.facebook.com\/honeypot.marketing\/","https:\/\/x.com\/honeypot_mkting?lang=en","https:\/\/www.instagram.com\/honeypotmarketing\/","https:\/\/www.tiktok.com\/@honeypotmarketing","https:\/\/www.youtube.com\/channel\/UCzEqYq4v78fn6PTVa6K0O6g","https:\/\/www.linkedin.com\/company\/honeypot-marketing\/"]},{"@type":"WebPage","@id":"https:\/\/honeypotmarketing.com\/fr\/social-media-monitoring\/#webpage","url":"https:\/\/honeypotmarketing.com\/fr\/social-media-monitoring\/","name":"Social Media Monitoring | Reputation Management","description":"With all of the buzz happening online through major social media networks many people are attempting to monitor the landscape of chatter from thousands of people through a litany of free social media monitoring tools. Although from an upfront perspective this might be less expensive there is are a huge set of costs associated: Employee","inLanguage":"fr-CA","isPartOf":{"@id":"https:\/\/honeypotmarketing.com\/fr\/#website"},"breadcrumb":{"@id":"https:\/\/honeypotmarketing.com\/fr\/social-media-monitoring\/#breadcrumblist"},"datePublished":"2009-08-20T11:26:23-04:00","dateModified":"2024-09-21T11:40:21-04:00"},{"@type":"WebSite","@id":"https:\/\/honeypotmarketing.com\/fr\/#website","url":"https:\/\/honeypotmarketing.com\/fr\/","name":"Honeypot Marketing","alternateName":"honeypotmarketing.com","description":"All Marketing is Digital. We specialize in B2B, ABM, MarTech, AdTech and Growing Businesses through Technology.","inLanguage":"fr-CA","publisher":{"@id":"https:\/\/honeypotmarketing.com\/fr\/#organization"}}]},"og:locale":"fr_CA","og:site_name":"Digital Marketing for Growing Businesses by Honeypot Marketing - All Marketing is Digital. We specialize in B2B, ABM, MarTech, AdTech and Growing Businesses through Technology.","og:type":"article","og:title":"Social Media Monitoring | Reputation Management","og:description":"With all of the buzz happening online through major social media networks many people are attempting to monitor the landscape of chatter from thousands of people through a litany of free social media monitoring tools. Although from an upfront perspective this might be less expensive there is are a huge set of costs associated: Employee","og:url":"https:\/\/honeypotmarketing.com\/fr\/social-media-monitoring\/","og:image":"https:\/\/honeypotmarketing.com\/wp-content\/uploads\/2023\/11\/cropped-Honeypot-Logo-without-bee.png","og:image:secure_url":"https:\/\/honeypotmarketing.com\/wp-content\/uploads\/2023\/11\/cropped-Honeypot-Logo-without-bee.png","article:published_time":"2009-08-20T15:26:23+00:00","article:modified_time":"2024-09-21T15:40:21+00:00","article:publisher":"https:\/\/www.facebook.com\/honeypot.marketing\/","twitter:card":"summary_large_image","twitter:site":"@honeypot_mkting","twitter:title":"Social Media Monitoring | Reputation Management","twitter:description":"With all of the buzz happening online through major social media networks many people are attempting to monitor the landscape of chatter from thousands of people through a litany of free social media monitoring tools. Although from an upfront perspective this might be less expensive there is are a huge set of costs associated: Employee","twitter:creator":"@honeypot_mkting","twitter:image":"https:\/\/honeypotmarketing.com\/wp-content\/uploads\/2023\/11\/cropped-Honeypot-Logo-without-bee.png"},"aioseo_meta_data":{"post_id":"106","title":null,"description":null,"keywords":null,"keyphrases":{"focus":{"keyphrase":"","score":0,"analysis":{"keyphraseInTitle":{"score":0,"maxScore":9,"error":1}}},"additional":[]},"primary_term":null,"canonical_url":null,"og_title":null,"og_description":null,"og_object_type":"default","og_image_type":"default","og_image_url":null,"og_image_width":null,"og_image_height":null,"og_image_custom_url":null,"og_image_custom_fields":null,"og_video":"","og_custom_url":null,"og_article_section":null,"og_article_tags":null,"twitter_use_og":false,"twitter_card":"default","twitter_image_type":"default","twitter_image_url":null,"twitter_image_custom_url":null,"twitter_image_custom_fields":null,"twitter_title":null,"twitter_description":null,"schema":{"blockGraphs":[],"customGraphs":[],"default":{"data":{"Article":[],"Course":[],"Dataset":[],"FAQPage":[],"Movie":[],"Person":[],"Product":[],"ProductReview":[],"Car":[],"Recipe":[],"Service":[],"SoftwareApplication":[],"WebPage":[]},"graphName":"WebPage","isEnabled":true},"graphs":[]},"schema_type":"default","schema_type_options":null,"pillar_content":false,"robots_default":true,"robots_noindex":false,"robots_noarchive":false,"robots_nosnippet":false,"robots_nofollow":false,"robots_noimageindex":false,"robots_noodp":false,"robots_notranslate":false,"robots_max_snippet":"-1","robots_max_videopreview":"-1","robots_max_imagepreview":"large","priority":null,"frequency":"default","local_seo":null,"seo_analyzer_scan_date":"2025-12-17 12:57:08","breadcrumb_settings":null,"limit_modified_date":false,"reviewed_by":null,"open_ai":"{\"title\":{\"suggestions\":[],\"usage\":0},\"description\":{\"suggestions\":[],\"usage\":0}}","ai":null,"created":"2024-03-18 14:10:16","updated":"2025-12-17 12:57:08"},"aioseo_breadcrumb":"<div class=\"aioseo-breadcrumbs\"><span class=\"aioseo-breadcrumb\">\n\t<a href=\"https:\/\/honeypotmarketing.com\/fr\" title=\"Home\">Home<\/a>\n<\/span><span class=\"aioseo-breadcrumb-separator\">\u00bb<\/span><span class=\"aioseo-breadcrumb\">\n\tSocial Media Monitoring | Reputation Management\n<\/span><\/div>","aioseo_breadcrumb_json":[{"label":"Home","link":"https:\/\/honeypotmarketing.com\/fr"},{"label":"Social Media Monitoring | Reputation Management","link":"https:\/\/honeypotmarketing.com\/fr\/social-media-monitoring\/"}],"_links":{"self":[{"href":"https:\/\/honeypotmarketing.com\/fr\/wp-json\/wp\/v2\/pages\/106","targetHints":{"allow":["GET"]}}],"collection":[{"href":"https:\/\/honeypotmarketing.com\/fr\/wp-json\/wp\/v2\/pages"}],"about":[{"href":"https:\/\/honeypotmarketing.com\/fr\/wp-json\/wp\/v2\/types\/page"}],"author":[{"embeddable":true,"href":"https:\/\/honeypotmarketing.com\/fr\/wp-json\/wp\/v2\/users\/3"}],"replies":[{"embeddable":true,"href":"https:\/\/honeypotmarketing.com\/fr\/wp-json\/wp\/v2\/comments?post=106"}],"version-history":[{"count":0,"href":"https:\/\/honeypotmarketing.com\/fr\/wp-json\/wp\/v2\/pages\/106\/revisions"}],"wp:attachment":[{"href":"https:\/\/honeypotmarketing.com\/fr\/wp-json\/wp\/v2\/media?parent=106"}],"curies":[{"name":"wp","href":"https:\/\/api.w.org\/{rel}","templated":true}]}}