{"id":3410,"date":"2014-06-05T18:50:12","date_gmt":"2014-06-05T18:50:12","guid":{"rendered":"https:\/\/honeypot.wpengine.com\/?page_id=3410"},"modified":"2014-06-05T18:50:12","modified_gmt":"2014-06-05T18:50:12","slug":"vision-du-leadership","status":"publish","type":"page","link":"https:\/\/honeypotmarketing.com\/fr\/about-us\/leadership-vision\/","title":{"rendered":"Notre \u00e9quipe Leadership Vision"},"content":{"rendered":"<p>Qu&#039;il s&#039;agisse d&#039;un contributeur individuel ou d&#039;un responsable d&#039;une grande \u00e9quipe, chaque membre de Honeypot Marketing est un leader. Voici nos <strong>principes de leadership<\/strong> et <strong>Chaque abeille chez Honeypot Marketing est guid\u00e9e par ces principes<\/strong>. <\/p>\n<h3>L&#039;obsession du client<\/h3>\n<p>Les leaders commencent par le client et travaillent \u00e0 rebours. Ils travaillent avec acharnement pour gagner et conserver la confiance du client. Bien que les leaders pr\u00eatent attention \u00e0 leurs concurrents, ils sont obs\u00e9d\u00e9s par leurs clients.<\/p>\n<h3>Possession<\/h3>\n<p>Les dirigeants sont des propri\u00e9taires. Ils pensent \u00e0 long terme et ne sacrifient pas la valeur \u00e0 long terme aux r\u00e9sultats \u00e0 court terme. Ils agissent au nom de l&#039;ensemble de l&#039;entreprise, au-del\u00e0 de leur propre \u00e9quipe. <strong>Ils ne disent jamais \u00ab ce n\u2019est pas mon travail \u00bb.<\/strong><\/p>\n<h3>Inventer et simplifier<\/h3>\n<p>Les dirigeants attendent et exigent de leurs \u00e9quipes qu\u2019elles fassent preuve d\u2019innovation et d\u2019invention et trouvent toujours des moyens de simplifier. Ils sont attentifs \u00e0 l\u2019ext\u00e9rieur, recherchent de nouvelles id\u00e9es de partout et ne se limitent pas \u00e0 \u00ab ce n\u2019est pas invent\u00e9 ici \u00bb. Lorsque nous faisons de nouvelles choses, nous acceptons le fait que nous puissions \u00eatre incompris pendant de longues p\u00e9riodes.<\/p>\n<h3>Ont raison, beaucoup<\/h3>\n<p>Les dirigeants ont souvent raison. Ils ont un bon sens des affaires et un bon instinct.<\/p>\n<h3>Embaucher et d\u00e9velopper les meilleurs<\/h3>\n<p>Les dirigeants placent la barre plus haut \u00e0 chaque recrutement et promotion. Ils reconnaissent les talents exceptionnels et les font \u00e9voluer au sein de l&#039;organisation. Les dirigeants d\u00e9veloppent les leaders et prennent au s\u00e9rieux leur r\u00f4le de coach des autres.<\/p>\n<h3>Insistez sur les normes les plus \u00e9lev\u00e9es<\/h3>\n<p>Les dirigeants ont des normes tr\u00e8s \u00e9lev\u00e9es, et beaucoup de gens pensent que ces normes sont d\u00e9raisonnablement \u00e9lev\u00e9es. Les dirigeants placent la barre toujours plus haut et poussent leurs \u00e9quipes \u00e0 fournir des produits, des services et des processus de haute qualit\u00e9. Les dirigeants veillent \u00e0 ce que les d\u00e9fauts ne soient pas transmis aux autres et \u00e0 ce que les probl\u00e8mes soient r\u00e9solus pour qu&#039;ils restent r\u00e9solus.<\/p>\n<h3>Pensez grand<\/h3>\n<p>Penser petit est une proph\u00e9tie auto-r\u00e9alisatrice. Les dirigeants cr\u00e9ent et communiquent une direction qui inspire des r\u00e9sultats. Ils pensent diff\u00e9remment et cherchent des moyens de servir les clients.<\/p>\n<h3>Pr\u00e9jug\u00e9s pour l&#039;action<\/h3>\n<p>En affaires, la rapidit\u00e9 est importante. Les d\u00e9cisions et les actions sont r\u00e9versibles et ne n\u00e9cessitent pas d&#039;\u00e9tude approfondie. Nous valorisons la prise de risques calcul\u00e9s.<\/p>\n<h3>Frugalit\u00e9<\/h3>\n<p>Nous essayons de ne pas d\u00e9penser d&#039;argent pour des choses qui n&#039;ont pas d&#039;importance pour nos clients. La frugalit\u00e9 engendre l&#039;ing\u00e9niosit\u00e9, l&#039;autonomie et l&#039;invention. Il n&#039;y a pas de points suppl\u00e9mentaires pour le nombre d&#039;employ\u00e9s, la taille du budget ou les d\u00e9penses fixes.<\/p>\n<h3>Autocritique vocale<\/h3>\n<p>Les dirigeants ne croient pas que leur odeur corporelle ou celle de leur \u00e9quipe sent le parfum. Ils \u00e9voquent des probl\u00e8mes ou des informations, m\u00eame lorsque cela est g\u00eanant ou embarrassant. Les dirigeants se comparent eux-m\u00eames et leurs \u00e9quipes aux meilleurs.<\/p>\n<h3>Gagnez la confiance des autres<\/h3>\n<p>Les dirigeants sont sinc\u00e8rement ouverts d\u2019esprit, \u00e9coutent v\u00e9ritablement et sont pr\u00eats \u00e0 examiner leurs convictions les plus fortes avec humilit\u00e9.<\/p>\n<h3>Plongez en profondeur<\/h3>\n<p>Les dirigeants op\u00e8rent \u00e0 tous les niveaux, restent connect\u00e9s aux d\u00e9tails et effectuent des audits fr\u00e9quents. <strong>Aucune t\u00e2che n\u2019est indigne d\u2019eux.<\/strong><\/p>\n<h3>Ayez du cran, soyez en d\u00e9saccord et engagez-vous<\/h3>\n<p>Les dirigeants ont le devoir de remettre en question respectueusement les d\u00e9cisions prises lorsqu\u2019ils ne sont pas d\u2019accord, m\u00eame si cela est inconfortable ou \u00e9puisant. Les dirigeants ont des convictions et sont tenaces. Ils ne font pas de compromis au nom de la coh\u00e9sion sociale. Une fois qu\u2019une d\u00e9cision est prise, ils s\u2019y engagent pleinement.<\/p>\n<h3>Fournir des r\u00e9sultats<\/h3>\n<p>Les dirigeants se concentrent sur les \u00e9l\u00e9ments cl\u00e9s de leur entreprise et les fournissent avec la qualit\u00e9 requise et dans les d\u00e9lais. Malgr\u00e9 les revers, ils rel\u00e8vent le d\u00e9fi et <strong>ne jamais s&#039;installer.<\/strong><\/p>\n<h6>Remarque\u00a0: nous avons adapt\u00e9 ces croyances \u00e0 partir d&#039;un certain nombre de sources que nous respectons, notamment <a href=\"http:\/\/amazon.co.uk\">http:\/\/amazon.co.uk<\/a><\/h6>","protected":false},"excerpt":{"rendered":"<p>Qu&#039;il s&#039;agisse d&#039;un contributeur individuel ou du manager d&#039;une grande \u00e9quipe, chaque membre de Honeypot Marketing est un leader. Ce sont nos principes de leadership et chaque abeille chez Honeypot Marketing est guid\u00e9e par ces principes. Les leaders de l&#039;obsession client commencent par le client et travaillent \u00e0 rebours. Ils travaillent avec vigueur pour gagner et conserver la confiance du client. Bien que\u2026<\/p>","protected":false},"author":3,"featured_media":0,"parent":9,"menu_order":0,"comment_status":"open","ping_status":"open","template":"","meta":{"content-type":"","om_disable_all_campaigns":false,"_uag_custom_page_level_css":"","_kad_blocks_custom_css":"","_kad_blocks_head_custom_js":"","_kad_blocks_body_custom_js":"","_kad_blocks_footer_custom_js":"","_monsterinsights_skip_tracking":false,"_monsterinsights_sitenote_active":false,"_monsterinsights_sitenote_note":"","_monsterinsights_sitenote_category":0,"_kadence_starter_templates_imported_post":false,"_kad_post_transparent":"","_kad_post_title":"","_kad_post_layout":"","_kad_post_sidebar_id":"","_kad_post_content_style":"","_kad_post_vertical_padding":"","_kad_post_feature":"","_kad_post_feature_position":"","_kad_post_header":false,"_kad_post_footer":false,"_kad_post_classname":"","footnotes":""},"class_list":["post-3410","page","type-page","status-publish","hentry"],"aioseo_notices":[],"taxonomy_info":[],"featured_image_src_large":false,"author_info":{"display_name":"The Bee Team","author_link":"https:\/\/honeypotmarketing.com\/fr\/author\/bee-team\/"},"comment_info":0,"uagb_featured_image_src":{"full":false,"thumbnail":false,"medium":false,"medium_large":false,"large":false,"1536x1536":false,"2048x2048":false,"trp-custom-language-flag":false},"uagb_author_info":{"display_name":"The Bee Team","author_link":"https:\/\/honeypotmarketing.com\/fr\/author\/bee-team\/"},"uagb_comment_info":0,"uagb_excerpt":"Whether an individual contributor or a manager of a large team, every member of Honeypot Marketing is a leader. These are our leadership principles and every Bee at Honeypot Marketing is guided by these principles. Customer Obsession Leaders start with the customer and work backwards. They work vigorously to earn and keep customer trust. Although...","aioseo_head":"\n\t\t<!-- All in One SEO Pro 4.9.7.1 - aioseo.com -->\n\t<meta name=\"description\" content=\"Whether an individual contributor or a manager of a large team, every member of Honeypot Marketing is a leader. These are our leadership principles and every Bee at Honeypot Marketing is guided by these principles. Customer Obsession Leaders start with the customer and work backwards. They work vigorously to earn and keep customer trust. Although\" \/>\n\t<meta name=\"robots\" content=\"max-image-preview:large\" \/>\n\t<link rel=\"canonical\" href=\"https:\/\/honeypotmarketing.com\/fr\/about-us\/leadership-vision\/\" \/>\n\t<meta name=\"generator\" content=\"All in One SEO Pro (AIOSEO) 4.9.7.1\" \/>\n\t\t<meta property=\"og:locale\" content=\"fr_CA\" \/>\n\t\t<meta property=\"og:site_name\" content=\"Digital Marketing for Growing Businesses by Honeypot Marketing - All Marketing is Digital. We specialize in B2B, ABM, MarTech, AdTech and Growing Businesses through Technology.\" \/>\n\t\t<meta property=\"og:type\" content=\"article\" \/>\n\t\t<meta property=\"og:title\" content=\"Our Team Leadership Vision\" \/>\n\t\t<meta property=\"og:description\" content=\"Whether an individual contributor or a manager of a large team, every member of Honeypot Marketing is a leader. These are our leadership principles and every Bee at Honeypot Marketing is guided by these principles. Customer Obsession Leaders start with the customer and work backwards. They work vigorously to earn and keep customer trust. Although\" \/>\n\t\t<meta property=\"og:url\" content=\"https:\/\/honeypotmarketing.com\/fr\/about-us\/leadership-vision\/\" \/>\n\t\t<meta property=\"og:image\" content=\"https:\/\/honeypotmarketing.com\/wp-content\/uploads\/2023\/11\/cropped-Honeypot-Logo-without-bee.png\" \/>\n\t\t<meta property=\"og:image:secure_url\" content=\"https:\/\/honeypotmarketing.com\/wp-content\/uploads\/2023\/11\/cropped-Honeypot-Logo-without-bee.png\" \/>\n\t\t<meta property=\"article:published_time\" content=\"2014-06-05T18:50:12+00:00\" \/>\n\t\t<meta property=\"article:modified_time\" content=\"2014-06-05T18:50:12+00:00\" \/>\n\t\t<meta property=\"article:publisher\" content=\"https:\/\/www.facebook.com\/honeypot.marketing\/\" \/>\n\t\t<meta name=\"twitter:card\" content=\"summary_large_image\" \/>\n\t\t<meta name=\"twitter:site\" content=\"@honeypot_mkting\" \/>\n\t\t<meta name=\"twitter:title\" content=\"Our Team Leadership Vision\" \/>\n\t\t<meta name=\"twitter:description\" content=\"Whether an individual contributor or a manager of a large team, every member of Honeypot Marketing is a leader. These are our leadership principles and every Bee at Honeypot Marketing is guided by these principles. Customer Obsession Leaders start with the customer and work backwards. They work vigorously to earn and keep customer trust. Although\" \/>\n\t\t<meta name=\"twitter:creator\" content=\"@honeypot_mkting\" \/>\n\t\t<meta name=\"twitter:image\" content=\"https:\/\/honeypotmarketing.com\/wp-content\/uploads\/2023\/11\/cropped-Honeypot-Logo-without-bee.png\" \/>\n\t\t<script type=\"application\/ld+json\" class=\"aioseo-schema\">\n\t\t\t{\"@context\":\"https:\\\/\\\/schema.org\",\"@graph\":[{\"@type\":\"BreadcrumbList\",\"@id\":\"https:\\\/\\\/honeypotmarketing.com\\\/fr\\\/about-us\\\/leadership-vision\\\/#breadcrumblist\",\"itemListElement\":[{\"@type\":\"ListItem\",\"@id\":\"https:\\\/\\\/honeypotmarketing.com\\\/fr#listItem\",\"position\":1,\"name\":\"Home\",\"item\":\"https:\\\/\\\/honeypotmarketing.com\\\/fr\",\"nextItem\":{\"@type\":\"ListItem\",\"@id\":\"https:\\\/\\\/honeypotmarketing.com\\\/fr\\\/about-us\\\/#listItem\",\"name\":\"About Us\"}},{\"@type\":\"ListItem\",\"@id\":\"https:\\\/\\\/honeypotmarketing.com\\\/fr\\\/about-us\\\/#listItem\",\"position\":2,\"name\":\"About Us\",\"item\":\"https:\\\/\\\/honeypotmarketing.com\\\/fr\\\/about-us\\\/\",\"nextItem\":{\"@type\":\"ListItem\",\"@id\":\"https:\\\/\\\/honeypotmarketing.com\\\/fr\\\/about-us\\\/leadership-vision\\\/#listItem\",\"name\":\"Our Team Leadership Vision\"},\"previousItem\":{\"@type\":\"ListItem\",\"@id\":\"https:\\\/\\\/honeypotmarketing.com\\\/fr#listItem\",\"name\":\"Home\"}},{\"@type\":\"ListItem\",\"@id\":\"https:\\\/\\\/honeypotmarketing.com\\\/fr\\\/about-us\\\/leadership-vision\\\/#listItem\",\"position\":3,\"name\":\"Our Team Leadership Vision\",\"previousItem\":{\"@type\":\"ListItem\",\"@id\":\"https:\\\/\\\/honeypotmarketing.com\\\/fr\\\/about-us\\\/#listItem\",\"name\":\"About Us\"}}]},{\"@type\":\"Organization\",\"@id\":\"https:\\\/\\\/honeypotmarketing.com\\\/fr\\\/#organization\",\"name\":\"Honeypot Marketing\",\"description\":\"We're a sales and marketing agency for growing businesses. Our team of professionals work with your team to make your business objectives a reality through effective sales, marketing and technology.\",\"url\":\"https:\\\/\\\/honeypotmarketing.com\\\/fr\\\/\",\"email\":\"hi@honeypotmarketing.com\",\"telephone\":\"+12263366220\",\"foundingDate\":\"2001-01-04\",\"numberOfEmployees\":{\"@type\":\"QuantitativeValue\",\"minValue\":8,\"maxValue\":14},\"logo\":{\"@type\":\"ImageObject\",\"url\":\"https:\\\/\\\/honeypotmarketing.com\\\/wp-content\\\/uploads\\\/adminify-custom-icons\\\/cropped-Benny-Bee.png\",\"@id\":\"https:\\\/\\\/honeypotmarketing.com\\\/fr\\\/about-us\\\/leadership-vision\\\/#organizationLogo\",\"width\":512,\"height\":512},\"image\":{\"@id\":\"https:\\\/\\\/honeypotmarketing.com\\\/fr\\\/about-us\\\/leadership-vision\\\/#organizationLogo\"},\"sameAs\":[\"https:\\\/\\\/www.facebook.com\\\/honeypot.marketing\\\/\",\"https:\\\/\\\/x.com\\\/honeypot_mkting?lang=en\",\"https:\\\/\\\/www.instagram.com\\\/honeypotmarketing\\\/\",\"https:\\\/\\\/www.tiktok.com\\\/@honeypotmarketing\",\"https:\\\/\\\/www.youtube.com\\\/channel\\\/UCzEqYq4v78fn6PTVa6K0O6g\",\"https:\\\/\\\/www.linkedin.com\\\/company\\\/honeypot-marketing\\\/\"]},{\"@type\":\"WebPage\",\"@id\":\"https:\\\/\\\/honeypotmarketing.com\\\/fr\\\/about-us\\\/leadership-vision\\\/#webpage\",\"url\":\"https:\\\/\\\/honeypotmarketing.com\\\/fr\\\/about-us\\\/leadership-vision\\\/\",\"name\":\"Our Team Leadership Vision\",\"description\":\"Whether an individual contributor or a manager of a large team, every member of Honeypot Marketing is a leader. These are our leadership principles and every Bee at Honeypot Marketing is guided by these principles. Customer Obsession Leaders start with the customer and work backwards. They work vigorously to earn and keep customer trust. Although\",\"inLanguage\":\"fr-CA\",\"isPartOf\":{\"@id\":\"https:\\\/\\\/honeypotmarketing.com\\\/fr\\\/#website\"},\"breadcrumb\":{\"@id\":\"https:\\\/\\\/honeypotmarketing.com\\\/fr\\\/about-us\\\/leadership-vision\\\/#breadcrumblist\"},\"datePublished\":\"2014-06-05T18:50:12-04:00\",\"dateModified\":\"2014-06-05T18:50:12-04:00\"},{\"@type\":\"WebSite\",\"@id\":\"https:\\\/\\\/honeypotmarketing.com\\\/fr\\\/#website\",\"url\":\"https:\\\/\\\/honeypotmarketing.com\\\/fr\\\/\",\"name\":\"Honeypot Marketing\",\"alternateName\":\"honeypotmarketing.com\",\"description\":\"All Marketing is Digital. We specialize in B2B, ABM, MarTech, AdTech and Growing Businesses through Technology.\",\"inLanguage\":\"fr-CA\",\"publisher\":{\"@id\":\"https:\\\/\\\/honeypotmarketing.com\\\/fr\\\/#organization\"}}]}\n\t\t<\/script>\n\t\t<script type=\"text\/javascript\">\n\t\t\t(function(c,l,a,r,i,t,y){\n\t\t\tc[a]=c[a]||function(){(c[a].q=c[a].q||[]).push(arguments)};t=l.createElement(r);t.async=1;\n\t\t\tt.src=\"https:\/\/www.clarity.ms\/tag\/\"+i+\"?ref=aioseo\";y=l.getElementsByTagName(r)[0];y.parentNode.insertBefore(t,y);\n\t\t})(window, document, \"clarity\", \"script\", \"lz1itarc1h\");\n\t\t<\/script>\n\t\t<script>(function(w,d,s,l,i){w[l]=w[l]||[];w[l].push({'gtm.start': new Date().getTime(),event:'gtm.js'});var f=d.getElementsByTagName(s)[0], j=d.createElement(s),dl=l!='dataLayer'?'&l='+l:'';j.async=true;j.src='https:\/\/www.googletagmanager.com\/gtm.js?id='+i+dl;f.parentNode.insertBefore(j,f);})(window,document,'script','dataLayer',\"GTM-PBNLZVB\");<\/script>\n\t\t<!-- All in One SEO Pro -->\r\n\t\t<title>Our Team Leadership Vision<\/title>\n\n","aioseo_head_json":{"title":"Notre \u00e9quipe Leadership Vision","description":"Qu&#039;il s&#039;agisse d&#039;un contributeur individuel ou du manager d&#039;une grande \u00e9quipe, chaque membre de Honeypot Marketing est un leader. Ce sont nos principes de leadership, et chaque abeille chez Honeypot Marketing est guid\u00e9e par ces principes. Les leaders obs\u00e9d\u00e9s par le client partent du client et travaillent en amont. Ils travaillent avec acharnement pour gagner et conserver la confiance du client.","canonical_url":"https:\/\/honeypotmarketing.com\/fr\/about-us\/leadership-vision\/","robots":"max-image-preview:large","keywords":"","webmasterTools":{"miscellaneous":""},"schema":{"@context":"https:\/\/schema.org","@graph":[{"@type":"BreadcrumbList","@id":"https:\/\/honeypotmarketing.com\/fr\/about-us\/leadership-vision\/#breadcrumblist","itemListElement":[{"@type":"ListItem","@id":"https:\/\/honeypotmarketing.com\/fr#listItem","position":1,"name":"Home","item":"https:\/\/honeypotmarketing.com\/fr","nextItem":{"@type":"ListItem","@id":"https:\/\/honeypotmarketing.com\/fr\/about-us\/#listItem","name":"About Us"}},{"@type":"ListItem","@id":"https:\/\/honeypotmarketing.com\/fr\/about-us\/#listItem","position":2,"name":"About Us","item":"https:\/\/honeypotmarketing.com\/fr\/about-us\/","nextItem":{"@type":"ListItem","@id":"https:\/\/honeypotmarketing.com\/fr\/about-us\/leadership-vision\/#listItem","name":"Our Team Leadership Vision"},"previousItem":{"@type":"ListItem","@id":"https:\/\/honeypotmarketing.com\/fr#listItem","name":"Home"}},{"@type":"ListItem","@id":"https:\/\/honeypotmarketing.com\/fr\/about-us\/leadership-vision\/#listItem","position":3,"name":"Our Team Leadership Vision","previousItem":{"@type":"ListItem","@id":"https:\/\/honeypotmarketing.com\/fr\/about-us\/#listItem","name":"About Us"}}]},{"@type":"Organization","@id":"https:\/\/honeypotmarketing.com\/fr\/#organization","name":"Honeypot Marketing","description":"We're a sales and marketing agency for growing businesses. Our team of professionals work with your team to make your business objectives a reality through effective sales, marketing and technology.","url":"https:\/\/honeypotmarketing.com\/fr\/","email":"hi@honeypotmarketing.com","telephone":"+12263366220","foundingDate":"2001-01-04","numberOfEmployees":{"@type":"QuantitativeValue","minValue":8,"maxValue":14},"logo":{"@type":"ImageObject","url":"https:\/\/honeypotmarketing.com\/wp-content\/uploads\/adminify-custom-icons\/cropped-Benny-Bee.png","@id":"https:\/\/honeypotmarketing.com\/fr\/about-us\/leadership-vision\/#organizationLogo","width":512,"height":512},"image":{"@id":"https:\/\/honeypotmarketing.com\/fr\/about-us\/leadership-vision\/#organizationLogo"},"sameAs":["https:\/\/www.facebook.com\/honeypot.marketing\/","https:\/\/x.com\/honeypot_mkting?lang=en","https:\/\/www.instagram.com\/honeypotmarketing\/","https:\/\/www.tiktok.com\/@honeypotmarketing","https:\/\/www.youtube.com\/channel\/UCzEqYq4v78fn6PTVa6K0O6g","https:\/\/www.linkedin.com\/company\/honeypot-marketing\/"]},{"@type":"WebPage","@id":"https:\/\/honeypotmarketing.com\/fr\/about-us\/leadership-vision\/#webpage","url":"https:\/\/honeypotmarketing.com\/fr\/about-us\/leadership-vision\/","name":"Our Team Leadership Vision","description":"Whether an individual contributor or a manager of a large team, every member of Honeypot Marketing is a leader. These are our leadership principles and every Bee at Honeypot Marketing is guided by these principles. Customer Obsession Leaders start with the customer and work backwards. They work vigorously to earn and keep customer trust. Although","inLanguage":"fr-CA","isPartOf":{"@id":"https:\/\/honeypotmarketing.com\/fr\/#website"},"breadcrumb":{"@id":"https:\/\/honeypotmarketing.com\/fr\/about-us\/leadership-vision\/#breadcrumblist"},"datePublished":"2014-06-05T18:50:12-04:00","dateModified":"2014-06-05T18:50:12-04:00"},{"@type":"WebSite","@id":"https:\/\/honeypotmarketing.com\/fr\/#website","url":"https:\/\/honeypotmarketing.com\/fr\/","name":"Honeypot Marketing","alternateName":"honeypotmarketing.com","description":"All Marketing is Digital. We specialize in B2B, ABM, MarTech, AdTech and Growing Businesses through Technology.","inLanguage":"fr-CA","publisher":{"@id":"https:\/\/honeypotmarketing.com\/fr\/#organization"}}]},"og:locale":"fr_CA","og:site_name":"Digital Marketing for Growing Businesses by Honeypot Marketing - All Marketing is Digital. We specialize in B2B, ABM, MarTech, AdTech and Growing Businesses through Technology.","og:type":"article","og:title":"Our Team Leadership Vision","og:description":"Whether an individual contributor or a manager of a large team, every member of Honeypot Marketing is a leader. These are our leadership principles and every Bee at Honeypot Marketing is guided by these principles. Customer Obsession Leaders start with the customer and work backwards. They work vigorously to earn and keep customer trust. Although","og:url":"https:\/\/honeypotmarketing.com\/fr\/about-us\/leadership-vision\/","og:image":"https:\/\/honeypotmarketing.com\/wp-content\/uploads\/2023\/11\/cropped-Honeypot-Logo-without-bee.png","og:image:secure_url":"https:\/\/honeypotmarketing.com\/wp-content\/uploads\/2023\/11\/cropped-Honeypot-Logo-without-bee.png","article:published_time":"2014-06-05T18:50:12+00:00","article:modified_time":"2014-06-05T18:50:12+00:00","article:publisher":"https:\/\/www.facebook.com\/honeypot.marketing\/","twitter:card":"summary_large_image","twitter:site":"@honeypot_mkting","twitter:title":"Our Team Leadership Vision","twitter:description":"Whether an individual contributor or a manager of a large team, every member of Honeypot Marketing is a leader. These are our leadership principles and every Bee at Honeypot Marketing is guided by these principles. Customer Obsession Leaders start with the customer and work backwards. They work vigorously to earn and keep customer trust. Although","twitter:creator":"@honeypot_mkting","twitter:image":"https:\/\/honeypotmarketing.com\/wp-content\/uploads\/2023\/11\/cropped-Honeypot-Logo-without-bee.png"},"aioseo_meta_data":{"post_id":"3410","title":null,"description":null,"keywords":null,"keyphrases":null,"primary_term":null,"canonical_url":null,"og_title":null,"og_description":null,"og_object_type":"default","og_image_type":"default","og_image_url":null,"og_image_width":null,"og_image_height":null,"og_image_custom_url":null,"og_image_custom_fields":null,"og_video":null,"og_custom_url":null,"og_article_section":null,"og_article_tags":null,"twitter_use_og":false,"twitter_card":"default","twitter_image_type":"default","twitter_image_url":null,"twitter_image_custom_url":null,"twitter_image_custom_fields":null,"twitter_title":null,"twitter_description":null,"schema":{"blockGraphs":[],"customGraphs":[],"default":{"data":{"Article":[],"Course":[],"Dataset":[],"FAQPage":[],"Movie":[],"Person":[],"Product":[],"ProductReview":[],"Car":[],"Recipe":[],"Service":[],"SoftwareApplication":[],"WebPage":[]},"graphName":"","isEnabled":true},"graphs":[]},"schema_type":"default","schema_type_options":null,"pillar_content":false,"robots_default":true,"robots_noindex":false,"robots_noarchive":false,"robots_nosnippet":false,"robots_nofollow":false,"robots_noimageindex":false,"robots_noodp":false,"robots_notranslate":false,"robots_max_snippet":null,"robots_max_videopreview":null,"robots_max_imagepreview":"large","priority":null,"frequency":null,"local_seo":null,"seo_analyzer_scan_date":"2026-01-21 18:52:16","breadcrumb_settings":null,"limit_modified_date":false,"reviewed_by":null,"open_ai":null,"ai":null,"created":"2024-03-18 14:10:21","updated":"2026-01-21 18:52:16"},"aioseo_breadcrumb":"<div class=\"aioseo-breadcrumbs\"><span class=\"aioseo-breadcrumb\">\n\t<a href=\"https:\/\/honeypotmarketing.com\/fr\" title=\"Home\">Home<\/a>\n<\/span><span class=\"aioseo-breadcrumb-separator\">\u00bb<\/span><span class=\"aioseo-breadcrumb\">\n\t<a href=\"https:\/\/honeypotmarketing.com\/fr\/about-us\/\" title=\"About Us\">About Us<\/a>\n<\/span><span class=\"aioseo-breadcrumb-separator\">\u00bb<\/span><span class=\"aioseo-breadcrumb\">\n\tOur Team Leadership Vision\n<\/span><\/div>","aioseo_breadcrumb_json":[{"label":"Home","link":"https:\/\/honeypotmarketing.com\/fr"},{"label":"About Us","link":"https:\/\/honeypotmarketing.com\/fr\/about-us\/"},{"label":"Our Team Leadership Vision","link":"https:\/\/honeypotmarketing.com\/fr\/about-us\/leadership-vision\/"}],"_links":{"self":[{"href":"https:\/\/honeypotmarketing.com\/fr\/wp-json\/wp\/v2\/pages\/3410","targetHints":{"allow":["GET"]}}],"collection":[{"href":"https:\/\/honeypotmarketing.com\/fr\/wp-json\/wp\/v2\/pages"}],"about":[{"href":"https:\/\/honeypotmarketing.com\/fr\/wp-json\/wp\/v2\/types\/page"}],"author":[{"embeddable":true,"href":"https:\/\/honeypotmarketing.com\/fr\/wp-json\/wp\/v2\/users\/3"}],"replies":[{"embeddable":true,"href":"https:\/\/honeypotmarketing.com\/fr\/wp-json\/wp\/v2\/comments?post=3410"}],"version-history":[{"count":0,"href":"https:\/\/honeypotmarketing.com\/fr\/wp-json\/wp\/v2\/pages\/3410\/revisions"}],"up":[{"embeddable":true,"href":"https:\/\/honeypotmarketing.com\/fr\/wp-json\/wp\/v2\/pages\/9"}],"wp:attachment":[{"href":"https:\/\/honeypotmarketing.com\/fr\/wp-json\/wp\/v2\/media?parent=3410"}],"curies":[{"name":"wp","href":"https:\/\/api.w.org\/{rel}","templated":true}]}}